{"id":1432,"date":"2023-05-10T14:45:59","date_gmt":"2023-05-10T12:45:59","guid":{"rendered":"https:\/\/cs-embe.ro\/nr-5-1-2022\/"},"modified":"2025-04-14T19:39:16","modified_gmt":"2025-04-14T17:39:16","slug":"no-5-1-2022","status":"publish","type":"page","link":"https:\/\/cs-embe.ro\/en\/no-5-1-2022\/","title":{"rendered":"No. 5 (1 \/ 2022)"},"content":{"rendered":"<p>[et_pb_section fb_built=&#8221;1&#8243; _builder_version=&#8221;4.21.0&#8243; _module_preset=&#8221;default&#8221; background_enable_color=&#8221;off&#8221; background_image=&#8221;http:\/\/cs-embe.ro\/wp-content\/uploads\/2023\/03\/paper.jpg&#8221; custom_padding=&#8221;||0px||false|false&#8221; animation_style=&#8221;fade&#8221; global_colors_info=&#8221;{}&#8221;][et_pb_row column_structure=&#8221;1_2,1_2&#8243; _builder_version=&#8221;4.20.2&#8243; _module_preset=&#8221;default&#8221; global_colors_info=&#8221;{}&#8221;][et_pb_column type=&#8221;1_2&#8243; _builder_version=&#8221;4.20.2&#8243; _module_preset=&#8221;default&#8221; global_colors_info=&#8221;{}&#8221;][et_pb_text _builder_version=&#8221;4.21.0&#8243; _module_preset=&#8221;default&#8221; custom_margin=&#8221;0px||0px||false|false&#8221; custom_padding=&#8221;||||false|false&#8221; global_colors_info=&#8221;{}&#8221;]<\/p>\n<h3>The journal<\/h3>\n<p>[\/et_pb_text][et_pb_divider divider_weight=&#8221;2px&#8221; _builder_version=&#8221;4.27.4&#8243; _module_preset=&#8221;default&#8221; custom_margin=&#8221;||||false|false&#8221; custom_padding=&#8221;||||false|false&#8221; global_colors_info=&#8221;{}&#8221;][\/et_pb_divider][et_pb_text _builder_version=&#8221;4.21.0&#8243; _module_preset=&#8221;default&#8221; global_colors_info=&#8221;{}&#8221;]<\/p>\n<h1>Nr. 5 (1 \/ 2022)<\/h1>\n<p>[\/et_pb_text][et_pb_text _builder_version=&#8221;4.21.0&#8243; _module_preset=&#8221;default&#8221; global_colors_info=&#8221;{}&#8221;]<\/p>\n<h3>Click on the chapter to read it<\/h3>\n<p>[\/et_pb_text][\/et_pb_column][et_pb_column type=&#8221;1_2&#8243; _builder_version=&#8221;4.20.2&#8243; _module_preset=&#8221;default&#8221; global_colors_info=&#8221;{}&#8221;][et_pb_image src=&#8221;https:\/\/cs-embe.ro\/wp-content\/uploads\/2023\/06\/revista-mockup5.png&#8221; title_text=&#8221;revista mockup5&#8243; _builder_version=&#8221;4.21.0&#8243; _module_preset=&#8221;default&#8221; global_colors_info=&#8221;{}&#8221;][\/et_pb_image][\/et_pb_column][\/et_pb_row][\/et_pb_section][et_pb_section fb_built=&#8221;1&#8243; _builder_version=&#8221;4.21.0&#8243; _module_preset=&#8221;default&#8221; global_colors_info=&#8221;{}&#8221;][et_pb_row _builder_version=&#8221;4.21.0&#8243; _module_preset=&#8221;default&#8221; custom_padding=&#8221;||80px||false|false&#8221; global_colors_info=&#8221;{}&#8221;][et_pb_column type=&#8221;4_4&#8243; _builder_version=&#8221;4.21.0&#8243; _module_preset=&#8221;default&#8221; global_colors_info=&#8221;{}&#8221;][et_pb_text _builder_version=&#8221;4.21.0&#8243; _module_preset=&#8221;default&#8221; global_colors_info=&#8221;{}&#8221;]<\/p>\n<h3>ETHNO-MUSICOLOGY<\/h3>\n<p>1.<a href=\"https:\/\/cs-embe.ro\/wp-content\/uploads\/2023\/05\/5_01-Vasile.pdf\" target=\"_blank\" rel=\"noopener\"> <span style=\"text-decoration: underline;\"><strong>Vasile Vasile<\/strong>: Trandafir Jurjovan<\/span><\/a><\/p>\n<p>2. <span style=\"text-decoration: underline;\"><a href=\"http:\/\/cs-embe.ro\/wp-content\/uploads\/2023\/05\/5_02-Marinescu.pdf\" target=\"_blank\" rel=\"noopener\"><strong>Doru Marinescu<\/strong>: Sistemul modal \u00een programele \u0219colare elaborate de George Breazul \u2022 The Modal System in the School programs Developed by George Breazul<\/a><\/span><\/p>\n<p>3. <span style=\"text-decoration: underline;\"><a href=\"http:\/\/cs-embe.ro\/wp-content\/uploads\/2023\/05\/5_03-Barbul.pdf\" target=\"_blank\" rel=\"noopener\"><strong>Andra Maria Barbul<\/strong>: Particularit\u0103\u021bi ale doinei \u00een crea\u021bia lui Tiberiu Brediceanu \u2022 Particularities of Doina in the Creation of Tiberiu Brediceanu<\/a><\/span><\/p>\n<p>[\/et_pb_text][et_pb_text _builder_version=&#8221;4.21.0&#8243; _module_preset=&#8221;default&#8221; global_colors_info=&#8221;{}&#8221;]<\/p>\n<h3>MUSICOLOGY<\/h3>\n<p>4. <span style=\"text-decoration: underline;\"><a href=\"http:\/\/cs-embe.ro\/wp-content\/uploads\/2023\/05\/5_04-Lazarescu.pdf\" target=\"_blank\" rel=\"noopener\"><strong>Anca L\u0103z\u0103rescu<\/strong>: Suitele pentru violoncel solo ale lui B. Britten v\u0103zute prin prisma celor compuse de J. S. Bach \u2022 Solo Cello Suites by B. Britten Seen through the Prism of Those Composed by J. S. Bach<\/a><\/span><\/p>\n<p>5. <span style=\"text-decoration: underline;\"><a href=\"http:\/\/cs-embe.ro\/wp-content\/uploads\/2023\/05\/5_05-Dinu.pdf\" target=\"_blank\" rel=\"noopener\"><strong>Dinu-Mihai \u0218tefan<\/strong>: Aspecte interpretative ale compozitorului-interpret din prima parte a Suitei op. 14 de B\u00e9la Bart\u00f3k \u2022 Performing Aspects of the Composer-Performer Inside the First Movement of B\u00e9la Bart\u00f3k\u2019s Op. 14 Suite<\/a><\/span><\/p>\n<p>6. <span style=\"text-decoration: underline;\"><a href=\"http:\/\/cs-embe.ro\/wp-content\/uploads\/2023\/05\/5_06-DolniceanuFaur.pdf\" target=\"_blank\" rel=\"noopener\"><strong>Mihaela Dolcineacu Faur<\/strong>: Elemente de limbaj muzical ale poemului Vltava \u00een transcrip\u021bia pentru harp\u0103 a compozitorului Hanu\u0161 Trne\u010dek \u2022 Elements of Musical Language of the Poem Vltava in the Transcription for Harp by Composer Hanu\u0161 Trne\u010dek<\/a><\/span><\/p>\n<p>[\/et_pb_text][et_pb_text _builder_version=&#8221;4.21.0&#8243; _module_preset=&#8221;default&#8221; global_colors_info=&#8221;{}&#8221;]<\/p>\n<h3>BYZANTINOLOGY<\/h3>\n<p>7. <span style=\"text-decoration: underline;\"><a href=\"http:\/\/cs-embe.ro\/wp-content\/uploads\/2023\/05\/5_07-Chircev.pdf\" target=\"_blank\" rel=\"noopener\"><strong>Elena Chircev<\/strong>: Muzica de stran\u0103 b\u0103n\u0103\u021bean\u0103 \u00een viziunea preotului Terentius Bugariu \u2022 The Church Stall Music from Banat in the Vision of Priest Terentius Bugariu<\/a><\/span><\/p>\n<p>8. <span style=\"text-decoration: underline;\"><a href=\"http:\/\/cs-embe.ro\/wp-content\/uploads\/2023\/05\/5_08-Muresan.pdf\" target=\"_blank\" rel=\"noopener\"><strong>Bogdan Mure\u0219an<\/strong>: P\u0103rintele Ioan \u0218erb \u2013 preot, dirijor \u0219i compozitor ar\u0103dean \u2022 Father Ioan \u0218erb \u2013 Priest, Conductor and Composer from Arad<\/a><\/span><\/p>\n<p>[\/et_pb_text][et_pb_text _builder_version=&#8221;4.21.0&#8243; _module_preset=&#8221;default&#8221; global_colors_info=&#8221;{}&#8221;]<\/p>\n<h3>ETHNOLOGY<\/h3>\n<p>9. <a href=\"https:\/\/cs-embe.ro\/wp-content\/uploads\/2023\/05\/5_09-Matei.pdf\" target=\"_blank\" rel=\"noopener\"><span style=\"text-decoration: underline;\"><strong>Marius Matei<\/strong>: Arhitectura din Banat \u2013 Repere istorice \u0219i evolu\u021bia a\u0219ez\u0103rilor \u2022 Banat Architecture \u2013 Historical References and the Evolution of Settlements<\/span><\/a><\/p>\n<p>10.<span style=\"text-decoration: underline;\"><a href=\"http:\/\/cs-embe.ro\/wp-content\/uploads\/2023\/05\/5_10-Gorneanu.pdf\" target=\"_blank\" rel=\"noopener\"><strong> Iulia-Roxana Gorneanu<\/strong>: Cetele digitale din \u021aara F\u0103g\u0103ra\u0219ului \u2022 Digital Groups in F\u0103g\u0103ra\u0219 County<\/a><\/span><\/p>\n<p>[\/et_pb_text][et_pb_text _builder_version=&#8221;4.21.0&#8243; _module_preset=&#8221;default&#8221; global_colors_info=&#8221;{}&#8221;]<\/p>\n<h3>CRITICISM AND REVIEWS<\/h3>\n<p>11.<a href=\"https:\/\/cs-embe.ro\/wp-content\/uploads\/2023\/05\/5_11-Stan.pdf\" target=\"_blank\" rel=\"noopener\"> <span style=\"text-decoration: underline;\"><strong>Constantin-Tufan Stan<\/strong>: Concursul Interna\u021bional de Canto \u201eTiberiu Brediceanu\u201d, pe scena liric\u0103<\/span><\/a><br \/><a href=\"https:\/\/cs-embe.ro\/wp-content\/uploads\/2023\/05\/5_11-Stan.pdf\" target=\"_blank\" rel=\"noopener\"><span style=\"text-decoration: underline;\">din Lugoj, \u00een organizarea Asocia\u021biei pentru Cultur\u0103 B\u0103n\u0103\u021bean\u0103 \u2022 The International Singing Contest \u201cTiberiu Brediceanu\u201d, on the lyric stage in Lugoj, organised by the Association for Banat Culture<\/span><\/a><\/p>\n<p>12.  <span style=\"text-decoration: underline;\"><a href=\"http:\/\/cs-embe.ro\/wp-content\/uploads\/2023\/05\/5_12-Popov.pdf\" target=\"_blank\" rel=\"noopener\"><strong>Deian Popov<\/strong>: N. Marjanovi\u0107, Muzika u \u017eivotu Srba u 19. veku. Iz memoarske riznice, Matica srpska \u2013 Muzikolo\u0161ki institut SANU, Novi Sad \u2013 Beograd, 2019 (ISBN 978-86-7946-276-6), 264 pp.  <\/a><\/span><\/p>\n<p>[\/et_pb_text][\/et_pb_column][\/et_pb_row][\/et_pb_section]<\/p>\n","protected":false},"excerpt":{"rendered":"<p>The journalNr. 5 (1 \/ 2022)Click on the chapter to read itETHNO-MUSICOLOGY 1. Vasile Vasile: Trandafir Jurjovan 2. Doru Marinescu: Sistemul modal \u00een programele \u0219colare elaborate de George Breazul \u2022 The Modal System in the School programs Developed by George Breazul 3. Andra Maria Barbul: Particularit\u0103\u021bi ale doinei \u00een crea\u021bia lui Tiberiu Brediceanu \u2022 Particularities [&hellip;]<\/p>\n","protected":false},"author":1,"featured_media":1136,"parent":0,"menu_order":0,"comment_status":"closed","ping_status":"closed","template":"","meta":{"_et_pb_use_builder":"on","_et_pb_old_content":"","_et_gb_content_width":"","footnotes":""},"class_list":["post-1432","page","type-page","status-publish","has-post-thumbnail","hentry"],"yoast_head":"<!-- This site is optimized with the Yoast SEO plugin v26.8 - https:\/\/yoast.com\/product\/yoast-seo-wordpress\/ -->\n<title>No. 5 (1 \/ 2022) | Cercet\u0103ri \u0219i studii<\/title>\n<meta name=\"robots\" content=\"index, follow, max-snippet:-1, max-image-preview:large, max-video-preview:-1\" \/>\n<link rel=\"canonical\" href=\"https:\/\/cs-embe.ro\/en\/no-5-1-2022\/\" \/>\n<meta property=\"og:locale\" content=\"en_US\" \/>\n<meta property=\"og:type\" content=\"article\" \/>\n<meta property=\"og:title\" content=\"No. 5 (1 \/ 2022) | Cercet\u0103ri \u0219i studii\" \/>\n<meta property=\"og:url\" content=\"https:\/\/cs-embe.ro\/en\/no-5-1-2022\/\" \/>\n<meta property=\"og:site_name\" content=\"Cercet\u0103ri \u0219i studii\" \/>\n<meta property=\"article:modified_time\" content=\"2025-04-14T17:39:16+00:00\" \/>\n<meta property=\"og:image\" content=\"https:\/\/cs-embe.ro\/wp-content\/uploads\/2023\/06\/revista-mockup5.png\" \/>\n\t<meta property=\"og:image:width\" content=\"1050\" \/>\n\t<meta property=\"og:image:height\" content=\"850\" \/>\n\t<meta property=\"og:image:type\" content=\"image\/png\" \/>\n<meta name=\"twitter:card\" content=\"summary_large_image\" \/>\n<script type=\"application\/ld+json\" class=\"yoast-schema-graph\">{\"@context\":\"https:\/\/schema.org\",\"@graph\":[{\"@type\":\"WebPage\",\"@id\":\"https:\/\/cs-embe.ro\/en\/no-5-1-2022\/\",\"url\":\"https:\/\/cs-embe.ro\/en\/no-5-1-2022\/\",\"name\":\"No. 5 (1 \/ 2022) | Cercet\u0103ri \u0219i studii\",\"isPartOf\":{\"@id\":\"https:\/\/cs-embe.ro\/#website\"},\"primaryImageOfPage\":{\"@id\":\"https:\/\/cs-embe.ro\/en\/no-5-1-2022\/#primaryimage\"},\"image\":{\"@id\":\"https:\/\/cs-embe.ro\/en\/no-5-1-2022\/#primaryimage\"},\"thumbnailUrl\":\"https:\/\/cs-embe.ro\/wp-content\/uploads\/2023\/06\/revista-mockup5.png\",\"datePublished\":\"2023-05-10T12:45:59+00:00\",\"dateModified\":\"2025-04-14T17:39:16+00:00\",\"breadcrumb\":{\"@id\":\"https:\/\/cs-embe.ro\/en\/no-5-1-2022\/#breadcrumb\"},\"inLanguage\":\"en-US\",\"potentialAction\":[{\"@type\":\"ReadAction\",\"target\":[\"https:\/\/cs-embe.ro\/en\/no-5-1-2022\/\"]}]},{\"@type\":\"ImageObject\",\"inLanguage\":\"en-US\",\"@id\":\"https:\/\/cs-embe.ro\/en\/no-5-1-2022\/#primaryimage\",\"url\":\"https:\/\/cs-embe.ro\/wp-content\/uploads\/2023\/06\/revista-mockup5.png\",\"contentUrl\":\"https:\/\/cs-embe.ro\/wp-content\/uploads\/2023\/06\/revista-mockup5.png\",\"width\":1050,\"height\":850},{\"@type\":\"BreadcrumbList\",\"@id\":\"https:\/\/cs-embe.ro\/en\/no-5-1-2022\/#breadcrumb\",\"itemListElement\":[{\"@type\":\"ListItem\",\"position\":1,\"name\":\"Home\",\"item\":\"https:\/\/cs-embe.ro\/en\/\"},{\"@type\":\"ListItem\",\"position\":2,\"name\":\"No. 5 (1 \/ 2022)\"}]},{\"@type\":\"WebSite\",\"@id\":\"https:\/\/cs-embe.ro\/#website\",\"url\":\"https:\/\/cs-embe.ro\/\",\"name\":\"Cercet\u0103ri \u0219i studii. Etno-muzicologie, bizantinologie \u0219i etnologie\",\"description\":\"Cercet\u0103ri \u0219i studii etno-muzicologice, bizantinologice \u0219i etnologice\",\"publisher\":{\"@id\":\"https:\/\/cs-embe.ro\/#organization\"},\"potentialAction\":[{\"@type\":\"SearchAction\",\"target\":{\"@type\":\"EntryPoint\",\"urlTemplate\":\"https:\/\/cs-embe.ro\/?s={search_term_string}\"},\"query-input\":{\"@type\":\"PropertyValueSpecification\",\"valueRequired\":true,\"valueName\":\"search_term_string\"}}],\"inLanguage\":\"en-US\"},{\"@type\":\"Organization\",\"@id\":\"https:\/\/cs-embe.ro\/#organization\",\"name\":\"Asocia\u021bia pentru Cultur\u0103 Ban\u0103\u021bean\u0103\",\"url\":\"https:\/\/cs-embe.ro\/\",\"logo\":{\"@type\":\"ImageObject\",\"inLanguage\":\"en-US\",\"@id\":\"https:\/\/cs-embe.ro\/#\/schema\/logo\/image\/\",\"url\":\"https:\/\/cs-embe.ro\/wp-content\/uploads\/2023\/03\/logo-acb-negru-3-limbi_var1-1.png\",\"contentUrl\":\"https:\/\/cs-embe.ro\/wp-content\/uploads\/2023\/03\/logo-acb-negru-3-limbi_var1-1.png\",\"width\":340,\"height\":183,\"caption\":\"Asocia\u021bia pentru Cultur\u0103 Ban\u0103\u021bean\u0103\"},\"image\":{\"@id\":\"https:\/\/cs-embe.ro\/#\/schema\/logo\/image\/\"}}]}<\/script>\n<!-- \/ Yoast SEO plugin. -->","yoast_head_json":{"title":"No. 5 (1 \/ 2022) | Cercet\u0103ri \u0219i studii","robots":{"index":"index","follow":"follow","max-snippet":"max-snippet:-1","max-image-preview":"max-image-preview:large","max-video-preview":"max-video-preview:-1"},"canonical":"https:\/\/cs-embe.ro\/en\/no-5-1-2022\/","og_locale":"en_US","og_type":"article","og_title":"No. 5 (1 \/ 2022) | Cercet\u0103ri \u0219i studii","og_url":"https:\/\/cs-embe.ro\/en\/no-5-1-2022\/","og_site_name":"Cercet\u0103ri \u0219i studii","article_modified_time":"2025-04-14T17:39:16+00:00","og_image":[{"width":1050,"height":850,"url":"https:\/\/cs-embe.ro\/wp-content\/uploads\/2023\/06\/revista-mockup5.png","type":"image\/png"}],"twitter_card":"summary_large_image","schema":{"@context":"https:\/\/schema.org","@graph":[{"@type":"WebPage","@id":"https:\/\/cs-embe.ro\/en\/no-5-1-2022\/","url":"https:\/\/cs-embe.ro\/en\/no-5-1-2022\/","name":"No. 5 (1 \/ 2022) | Cercet\u0103ri \u0219i studii","isPartOf":{"@id":"https:\/\/cs-embe.ro\/#website"},"primaryImageOfPage":{"@id":"https:\/\/cs-embe.ro\/en\/no-5-1-2022\/#primaryimage"},"image":{"@id":"https:\/\/cs-embe.ro\/en\/no-5-1-2022\/#primaryimage"},"thumbnailUrl":"https:\/\/cs-embe.ro\/wp-content\/uploads\/2023\/06\/revista-mockup5.png","datePublished":"2023-05-10T12:45:59+00:00","dateModified":"2025-04-14T17:39:16+00:00","breadcrumb":{"@id":"https:\/\/cs-embe.ro\/en\/no-5-1-2022\/#breadcrumb"},"inLanguage":"en-US","potentialAction":[{"@type":"ReadAction","target":["https:\/\/cs-embe.ro\/en\/no-5-1-2022\/"]}]},{"@type":"ImageObject","inLanguage":"en-US","@id":"https:\/\/cs-embe.ro\/en\/no-5-1-2022\/#primaryimage","url":"https:\/\/cs-embe.ro\/wp-content\/uploads\/2023\/06\/revista-mockup5.png","contentUrl":"https:\/\/cs-embe.ro\/wp-content\/uploads\/2023\/06\/revista-mockup5.png","width":1050,"height":850},{"@type":"BreadcrumbList","@id":"https:\/\/cs-embe.ro\/en\/no-5-1-2022\/#breadcrumb","itemListElement":[{"@type":"ListItem","position":1,"name":"Home","item":"https:\/\/cs-embe.ro\/en\/"},{"@type":"ListItem","position":2,"name":"No. 5 (1 \/ 2022)"}]},{"@type":"WebSite","@id":"https:\/\/cs-embe.ro\/#website","url":"https:\/\/cs-embe.ro\/","name":"Cercet\u0103ri \u0219i studii. Etno-muzicologie, bizantinologie \u0219i etnologie","description":"Cercet\u0103ri \u0219i studii etno-muzicologice, bizantinologice \u0219i etnologice","publisher":{"@id":"https:\/\/cs-embe.ro\/#organization"},"potentialAction":[{"@type":"SearchAction","target":{"@type":"EntryPoint","urlTemplate":"https:\/\/cs-embe.ro\/?s={search_term_string}"},"query-input":{"@type":"PropertyValueSpecification","valueRequired":true,"valueName":"search_term_string"}}],"inLanguage":"en-US"},{"@type":"Organization","@id":"https:\/\/cs-embe.ro\/#organization","name":"Asocia\u021bia pentru Cultur\u0103 Ban\u0103\u021bean\u0103","url":"https:\/\/cs-embe.ro\/","logo":{"@type":"ImageObject","inLanguage":"en-US","@id":"https:\/\/cs-embe.ro\/#\/schema\/logo\/image\/","url":"https:\/\/cs-embe.ro\/wp-content\/uploads\/2023\/03\/logo-acb-negru-3-limbi_var1-1.png","contentUrl":"https:\/\/cs-embe.ro\/wp-content\/uploads\/2023\/03\/logo-acb-negru-3-limbi_var1-1.png","width":340,"height":183,"caption":"Asocia\u021bia pentru Cultur\u0103 Ban\u0103\u021bean\u0103"},"image":{"@id":"https:\/\/cs-embe.ro\/#\/schema\/logo\/image\/"}}]}},"_links":{"self":[{"href":"https:\/\/cs-embe.ro\/en\/wp-json\/wp\/v2\/pages\/1432","targetHints":{"allow":["GET"]}}],"collection":[{"href":"https:\/\/cs-embe.ro\/en\/wp-json\/wp\/v2\/pages"}],"about":[{"href":"https:\/\/cs-embe.ro\/en\/wp-json\/wp\/v2\/types\/page"}],"author":[{"embeddable":true,"href":"https:\/\/cs-embe.ro\/en\/wp-json\/wp\/v2\/users\/1"}],"replies":[{"embeddable":true,"href":"https:\/\/cs-embe.ro\/en\/wp-json\/wp\/v2\/comments?post=1432"}],"version-history":[{"count":0,"href":"https:\/\/cs-embe.ro\/en\/wp-json\/wp\/v2\/pages\/1432\/revisions"}],"wp:featuredmedia":[{"embeddable":true,"href":"https:\/\/cs-embe.ro\/en\/wp-json\/wp\/v2\/media\/1136"}],"wp:attachment":[{"href":"https:\/\/cs-embe.ro\/en\/wp-json\/wp\/v2\/media?parent=1432"}],"curies":[{"name":"wp","href":"https:\/\/api.w.org\/{rel}","templated":true}]}}