{"id":1816,"date":"2025-04-10T20:01:33","date_gmt":"2025-04-10T18:01:33","guid":{"rendered":"https:\/\/cs-embe.ro\/nr-7-1-2023\/retrospections-and-reflections-of-the-ethnomusicological-work-of-vlad%d0%be-s-milosevic\/"},"modified":"2025-06-03T22:48:29","modified_gmt":"2025-06-03T20:48:29","slug":"retrospections-and-reflections-of-the-ethnomusicological-work-of-vlad%d0%be-s-milosevic","status":"publish","type":"page","link":"https:\/\/cs-embe.ro\/en\/nr-7-1-2024\/retrospections-and-reflections-of-the-ethnomusicological-work-of-vlad%d0%be-s-milosevic\/","title":{"rendered":"RETROSPECTIONS AND REFLECTIONS OF THE ETHNOMUSICOLOGICAL WORK OF VLAD\u041e S. MILO\u0160EVI\u0106"},"content":{"rendered":"<p>[et_pb_section fb_built=&#8221;1&#8243; _builder_version=&#8221;4.21.0&#8243; _module_preset=&#8221;default&#8221; background_enable_color=&#8221;off&#8221; background_image=&#8221;http:\/\/cs-embe.ro\/wp-content\/uploads\/2023\/03\/paper.jpg&#8221; custom_padding=&#8221;||0px||false|false&#8221; animation_style=&#8221;fade&#8221; global_colors_info=&#8221;{}&#8221;][et_pb_row column_structure=&#8221;2_3,1_3&#8243; _builder_version=&#8221;4.27.4&#8243; _module_preset=&#8221;default&#8221; custom_padding=&#8221;||80px||false|false&#8221; global_colors_info=&#8221;{}&#8221;][et_pb_column type=&#8221;2_3&#8243; _builder_version=&#8221;4.21.0&#8243; _module_preset=&#8221;default&#8221; global_colors_info=&#8221;{}&#8221;][et_pb_text _builder_version=&#8221;4.27.4&#8243; _module_preset=&#8221;default&#8221; global_colors_info=&#8221;{}&#8221;]<\/p>\n<p><strong>Dragica PANI\u0106 KA\u0160ANSKI:<\/strong> RETROSPECTIONS AND REFLECTIONS OF THE ETHNOMUSICOLOGICAL WORK OF VLAD\u041e S. MILO\u0160EVI\u0106<\/p>\n<p>[\/et_pb_text][et_pb_text _builder_version=&#8221;4.27.4&#8243; _module_preset=&#8221;default&#8221; hover_enabled=&#8221;0&#8243; global_colors_info=&#8221;{}&#8221; sticky_enabled=&#8221;0&#8243;]<\/p>\n<p><strong>DOI: 10.63702\/csembe.2024.1.7.11<\/strong><\/p>\n<p>[\/et_pb_text][et_pb_text _builder_version=&#8221;4.27.4&#8243; _module_preset=&#8221;default&#8221; global_colors_info=&#8221;{}&#8221;]<\/p>\n<p><strong>Keywords: <\/strong>Days of Vlado S. Milo\u0161evi\u0107; Musicological Society of the Republic of Srpska; Tradition on Stage;<strong><br \/><\/strong><\/p>\n<p>[\/et_pb_text][et_pb_text _builder_version=&#8221;4.27.4&#8243; _module_preset=&#8221;default&#8221; global_colors_info=&#8221;{}&#8221;]<\/p>\n<p><strong>Abstract:<br \/><\/strong>Vlado Milo\u0161evi\u0107 is a complex creative personality of the 20th century, who devoted his entire working life to music. History remembers him as an ethnomusicologist, visionary, erudite and educator, composer, pedagogue and choirmaster. Such a rich activity was based on an understanding of musical roots, rich research fieldwork, melographing and ethnomusicological analysis of urban and rural music. Along with the study of folk music heritage, he studied and knew the creative and performance principles of Western European music. This approach created the conditions for his artistic contribution. The Academy of Arts of the University of Banja Luka and the Musicological Society of the Republic of Srpska, on the occasion of celebrating the centenary of his birth, founded the &#8220;Days of Vlado Milo\u0161evi\u0107&#8221; 25 years ago. The purpose of his complex multi-day manifestation is the promotion and development of artistic and scientific creativity, the preservation of tradition through the figure and work of this great men, but also the promotion of contemporary creativity. Also, this paper deals with other projects and programs that represent retrospections and reflections of Milo\u0161evi\u0107&#8217;s ethnomusicological and other creativity in the context of tradition as inspiration.<\/p>\n<p>[\/et_pb_text][et_pb_text _builder_version=&#8221;4.27.4&#8243; _module_preset=&#8221;default&#8221; global_colors_info=&#8221;{}&#8221;]<\/p>\n<p><strong>References:<br \/><\/strong>&#8211; \u041c\u0438\u043b\u043e\u0448\u0435\u0432\u0438\u045b, \u0412\u043b\u0430\u0434\u043e, (1954) \u0411\u043e\u0441\u0430\u043d\u0441\u043a\u0435 \u043d\u0430\u0440\u043e\u0434\u043d\u0435 \u043f\u0458\u0435\u0441\u043c\u0435 I, \u041d\u0430\u0440\u043e\u0434\u043d\u0438 \u043c\u0443\u0437\u0435\u0458 (\u041e\u0434\u0458\u0435\u0459\u0435\u045a\u0435 \u0437\u0430<br \/>\u043c\u0443\u0437\u0438\u0447\u043a\u0438 \u0444\u043e\u043b\u043a\u043b\u043e\u0440) \u0411\u0430\u045a\u0430 \u041b\u0443\u043a\u0430<br \/>&#8211; \u041c\u0438\u043b\u043e\u0448\u0435\u0432\u0438\u045b, \u0412\u043b\u0430\u0434\u043e, (1956) \u0411\u043e\u0441\u0430\u043d\u0441\u043a\u0435 \u043d\u0430\u0440\u043e\u0434\u043d\u0435 \u043f\u0458\u0435\u0441\u043c\u0435 II, \u041d\u0430\u0440\u043e\u0434\u043d\u0438 \u043c\u0443\u0437\u0435\u0458 (\u041e\u0434\u0458\u0435\u0459\u0435\u045a\u0435 \u0437\u0430<br \/>\u043c\u0443\u0437\u0438\u0447\u043a\u0438 \u0444\u043e\u043b\u043a\u043b\u043e\u0440) \u0411\u0430\u045a\u0430 \u041b\u0443\u043a\u0430<br \/>&#8211; \u041c\u0438\u043b\u043e\u0448\u0435\u0432\u0438\u045b, \u0412\u043b\u0430\u0434\u043e, (1961) \u0411\u043e\u0441\u0430\u043d\u0441\u043a\u0435 \u043d\u0430\u0440\u043e\u0434\u043d\u0435 \u043f\u0458\u0435\u0441\u043c\u0435 III, \u041d\u0430\u0440\u043e\u0434\u043d\u0438 \u043c\u0443\u0437\u0435\u0458 (\u041e\u0434\u0458\u0435\u0459\u0435\u045a\u0435 \u0437\u0430<br \/>\u043c\u0443\u0437\u0438\u0447\u043a\u0438 \u0444\u043e\u043b\u043a\u043b\u043e\u0440) \u0411\u0430\u045a\u0430 \u041b\u0443\u043a\u0430<br \/>&#8211; \u041c\u0438\u043b\u043e\u0448\u0435\u0432\u0438\u045b, \u0412\u043b\u0430\u0434\u043e, (1959) \u041a\u0440\u0430\u0458\u0438\u0448\u043a\u0435 \u0431\u043e\u0440\u0431\u0435\u043d\u0435 \u043f\u0458\u0435\u0441\u043c\u0435, \u041d\u0430\u0440\u043e\u0434\u043d\u0438 \u043c\u0443\u0437\u0435\u0458 \u0411\u0430\u045a\u0430 \u041b\u0443\u043a\u0430<br \/>&#8211; \u041c\u0438\u043b\u043e\u0448\u0435\u0432\u0438\u045b, \u0412\u043b\u0430\u0434\u043e, (1961) \u041a\u0440\u0430\u0458\u0438\u0448\u043a\u0435 \u0431\u043e\u0440\u0431\u0435\u043d\u0435 \u043f\u0458\u0435\u0441\u043c\u0435 II, \u041d\u0430\u0440\u043e\u0434\u043d\u0438 \u043c\u0443\u0437\u0435\u0458 \u0411\u0430\u045a\u0430 \u041b\u0443\u043a\u0430<br \/>&#8211; \u041c\u0438\u043b\u043e\u0448\u0435\u0432\u0438\u045b, \u0412\u043b\u0430\u0434\u043e, (1964) \u0411\u043e\u0441\u0430\u043d\u0441\u043a\u0435 \u043d\u0430\u0440\u043e\u0434\u043d\u0435 \u043f\u0458\u0435\u0441\u043c\u0435 IV, \u041d\u0430\u0440\u043e\u0434\u043d\u0438 \u043c\u0443\u0437\u0435\u0458 (\u041e\u0434\u0458\u0435\u0459\u0435\u045a\u0435 \u0437\u0430<br \/>\u043c\u0443\u0437\u0438\u0447\u043a\u0438 \u0444\u043e\u043b\u043a\u043b\u043e\u0440) \u0411\u0430\u045a\u0430 \u041b\u0443\u043a\u0430<br \/>&#8211; \u041c\u0438\u043b\u043e\u0448\u0435\u0432\u0438\u045b, \u0412\u043b\u0430\u0434\u043e, (1964) \u0421\u0435\u0432\u0434\u0430\u043b\u0438\u043d\u043a\u0430, \u041d\u0430\u0440\u043e\u0434\u043d\u0438 \u043c\u0443\u0437\u0435\u0458 \u0411\u043e\u0441\u0430\u043d\u0441\u043a\u0435 \u043a\u0440\u0430\u0458\u0438\u043d\u0435, \u0411\u0430\u045a\u0430 \u041b\u0443\u043a\u0430<br \/>&#8211; \u041c\u0438\u043b\u043e\u0448\u0435\u0432\u0438\u045b, \u0412\u043b\u0430\u0434\u043e, (1984) \u0420\u0430\u0432\u043d\u0430 \u043f\u0458\u0435\u0441\u043c\u0430, \u041d\u0430\u0440\u043e\u0434\u043d\u0438 \u043c\u0443\u0437\u0435\u0458 \u0411\u043e\u0441\u0430\u043d\u0441\u043a\u0435 \u043a\u0440\u0430\u0458\u0438\u043d\u0435, \u0411\u0430\u045a\u0430<br \/>\u041b\u0443\u043a\u0430<br \/>&#8211; \u0414\u0435\u0432\u0438\u045b, \u0414\u0440\u0430\u0433\u043e\u0441\u043b\u0430\u0432, (1976) \u201c\u0412\u043b\u0430\u0434\u043e \u041c\u0438\u043b\u043e\u0448\u0435\u0432\u0438\u045b- \u043c\u0435\u043b\u043e\u0433\u0440\u0430\u0444 \u0438 \u0435\u0442\u043d\u043e\u043c\u0443\u0437\u0438\u043a\u043e\u043b\u043e\u0433\u201d, \u0443:<br \/>\u041f\u0443\u0442\u0435\u0432\u0438, \u0447\u0430\u0441\u043e\u043f\u0438\u0441 \u0437\u0430 \u043a\u045a\u0438\u0436\u0435\u0432\u043d\u043e\u0441\u0442 \u0438 \u043a\u0443\u043b\u0442\u0443\u0440\u0443. XXII\/5<br \/>&#8211; \u0420\u0438\u0441\u043e\u0458\u0435\u0432\u0438\u045b, \u0420\u0430\u043d\u043a\u043e, (1976), \u201e\u0411\u0438\u043e\u0433\u0440\u0430\u0444\u0438\u0458\u0430 \u0412\u043b\u0430\u0434\u0435 \u0421. \u041c\u0438\u043b\u043e\u0448\u0435\u0432\u0438\u045b\u0430\u201c, \u041f\u0443\u0442\u0435\u0432\u0438, \u0447\u0430\u0441\u043e\u043f\u0438\u0441 \u0437\u0430<br \/>\u043a\u045a\u0438\u0436\u0435\u0432\u043d\u043e\u0441\u0442 \u0438 \u043a\u0443\u043b\u0442\u0443\u0440\u0443 XXII, \u0411\u0430\u045a\u0430 \u041b\u0443\u043a\u0430, 427\u2212475.<br \/>&#8211; \u041a\u0435\u045a\u0430\u043b\u043e\u0432\u0438\u045b, \u041c\u0438\u043b\u043e\u0440\u0430\u0434, (2002), \u0412\u043b\u0430\u0434\u043e \u0421. \u041c\u0438\u043b\u043e\u0448\u0435\u0432\u0438\u045b \u0415\u0442\u043d\u043e\u043c\u0443\u0437\u0438\u043a\u043e\u043b\u043e\u0433, \u0411\u0430\u045a\u0430 \u041b\u0443\u043a\u0430,<br \/>\u0410\u043a\u0430\u0434\u0435\u043c\u0438\u0458\u0430 \u0443\u043c\u0458\u0435\u0442\u043d\u043e\u0441\u0442\u0438<br \/>&#8211; \u010cavlovi\u0107, Ivan,(2011\u0430), \u201eKompozitorstvo u Bosni i Hercegovini\u201c, u: Muzika, XV\/2 (38),<br \/>Sarajevo, 36\u221254.<br \/>&#8211; \u041f\u0443\u043f\u0430\u0446, \u0421\u0430\u045a\u0430, (2014\u0430), \u0416\u0438\u0432\u043e\u0442 \u043f\u0440\u043e\u0442\u043a\u0430\u043d \u043d\u043e\u0442\u0430\u043c\u0430 \u2212 \u0412\u043b\u0430\u0434\u043e \u041c\u0438\u043b\u043e\u0448\u0435\u0432\u0438\u045b, \u0410\u043a\u0430\u0434\u0435\u043c\u0438\u0458\u0430<br \/>\u0443\u043c\u0458\u0435\u0442\u043d\u043e\u0441\u0442\u0438, \u0408\u0423 \u041c\u0443\u0437\u0435\u0458 \u0420\u0435\u043f\u0443\u0431\u043b\u0438\u043a\u0435 \u0421\u0440\u043f\u0441\u043a\u0435, \u0411\u0430\u045a\u0430 \u041b\u0443\u043a\u0430<br \/>&#8211; \u041f\u0443\u043f\u0430\u0446, \u0421\u0430\u045a\u0430,(2014\u0431), \u201e\u0417\u0430\u043e\u0441\u0442\u0430\u0432\u0448\u0442\u0438\u043d\u0430 \u0430\u043a\u0430\u0434\u0435\u043c\u0438\u043a\u0430 \u0412\u043b\u0430\u0434\u0435 \u0421. \u041c\u0438\u043b\u043e\u0448\u0435\u0432\u0438\u045b\u0430 \u0441\u0430\u0433\u043b\u0435\u0434\u0430\u043d\u0430<br \/>\u043a\u0440\u043e\u0437 \u043d\u043e\u0442\u043d\u0443 \u0433\u0440\u0430\u0452\u0443, \u043a\u043e\u0458\u0430 \u0441\u0435 \u0447\u0443\u0432\u0430 \u0443 \u041c\u0443\u0437\u0435\u0458\u0443 \u0420\u0435\u043f\u0443\u0431\u043b\u0438\u043a\u0435 \u0421\u0440\u043f\u0441\u043a\u0435\u201c, \u0443: \u0412\u043b\u0430\u0434\u043e \u0421.<br \/>\u041c\u0438\u043b\u043e\u0448\u0435\u0432\u0438\u045b, \u0435\u0442\u043d\u043e\u043c\u0443\u0437\u0438\u043a\u043e\u043b\u043e\u0433, \u043a\u043e\u043c\u043f\u043e\u0437\u0438\u0442\u043e\u0440 \u0438 \u043f\u0435\u0434\u0430\u0433\u043e\u0433 \u2013 \u0422\u0440\u0430\u0434\u0438\u0446\u0438\u0458\u0430 \u043a\u0430\u043e<br \/>\u0438\u043d\u0441\u043f\u0438\u0440\u0430\u0446\u0438\u0458\u0430, \u0422\u0435\u043c\u0430\u0442\u0441\u043a\u0438 \u0437\u0431\u043e\u0440\u043d\u0438\u043a, \u0411\u0430\u045a\u0430 \u041b\u0443\u043a\u0430: \u0410\u043a\u0430\u0434\u0435\u043c\u0438\u0458\u0430 \u0443\u043c\u0458\u0435\u0442\u043d\u043e\u0441\u0442\u0438,<br \/>\u0410\u043a\u0430\u0434\u0435\u043c\u0438\u0458\u0430 \u043d\u0430\u0443\u043a\u0430 \u0438 \u0443\u043c\u0458\u0435\u0442\u043d\u043e\u0441\u0442\u0438 \u0420\u0421, \u041c\u0443\u0437\u0438\u043a\u043e\u043b\u043e\u0448\u043a\u043e \u0434\u0440\u0443\u0448\u0442\u0432\u043e \u0420\u0421, 374\u2212387<br \/>&#8211; \u0421\u0430\u045a\u0430 \u041f\u0443\u043f\u0430\u0446, (2019), \u0417\u0430\u0431\u043e\u0440\u0430\u0432\u0459\u0435\u043d\u0438 \u0437\u0432\u0443\u043a \u0442\u0440\u0430\u0434\u0438\u0446\u0438\u043e\u043d\u0430\u043b\u043d\u0438\u0445 \u043c\u0443\u0437\u0438\u0447\u043a\u0438\u0445 \u0438\u043d\u0441\u0442\u0440\u0443\u043c\u0435\u043d\u0430\u0442\u0430,<br \/>\u041c\u0443\u0437\u0435\u0458 \u0420\u0435\u043f\u0443\u0431\u043b\u0438\u043a\u0435 \u0421\u0440\u043f\u0441\u043a\u0435, \u0411\u0430\u045a\u0430 \u041b\u0443\u043a\u0430<br \/>&#8211; \u0414\u043e\u0434\u0438\u043a, \u0421\u0430\u043d\u0434\u0430, (2024) \u0424\u0435\u0441\u0442\u0438\u0432\u0430\u043b \u041c\u0443\u0437\u0438\u0447\u043a\u0438 \u0435\u0434\u0438\u043a\u0442 \u0443 \u041d\u0438\u0448\u0443, \u0443: \u041d\u043e\u0432\u0430 \u0421\u0442\u0432\u0430\u0440\u043d\u043e\u0441\u0442, \u0411\u0430\u045a\u0430<br \/>\u041b\u0443\u043a\u0430, 125-129<\/p>\n<p>[\/et_pb_text][\/et_pb_column][et_pb_column type=&#8221;1_3&#8243; _builder_version=&#8221;4.27.4&#8243; _module_preset=&#8221;default&#8221; background_color=&#8221;#FFFFFF&#8221; custom_padding=&#8221;16px|16px|16px|16px|false|false&#8221; border_radii=&#8221;on|8px|8px|8px|8px&#8221; global_colors_info=&#8221;{}&#8221;][et_pb_button button_url=&#8221;https:\/\/cs-embe.ro\/wp-content\/uploads\/2025\/06\/7_01-Panic-Kasanski.pdf&#8221; button_text=&#8221;Articol PDF&#8221; _builder_version=&#8221;4.27.4&#8243; _module_preset=&#8221;default&#8221; hover_enabled=&#8221;0&#8243; global_colors_info=&#8221;{}&#8221; sticky_enabled=&#8221;0&#8243;][\/et_pb_button][et_pb_text _builder_version=&#8221;4.27.4&#8243; _module_preset=&#8221;default&#8221; global_colors_info=&#8221;{}&#8221;]<\/p>\n<p><strong>Published:<br \/><\/strong>15.07.2024<strong><\/strong><\/p>\n<p>[\/et_pb_text][et_pb_text _builder_version=&#8221;4.27.4&#8243; _module_preset=&#8221;default&#8221; custom_margin=&#8221;||8px||false|false&#8221; custom_padding=&#8221;||||false|false&#8221; global_colors_info=&#8221;{}&#8221;]<\/p>\n<p><strong>License:<\/strong><strong><\/strong><\/p>\n<p>[\/et_pb_text][et_pb_image src=&#8221;https:\/\/cs-embe.ro\/wp-content\/uploads\/2025\/04\/CC_logomark2.svg&#8221; title_text=&#8221;CC_logomark2&#8243; _builder_version=&#8221;4.27.4&#8243; _module_preset=&#8221;default&#8221; max_width=&#8221;50%&#8221; global_colors_info=&#8221;{}&#8221;][\/et_pb_image][et_pb_text _builder_version=&#8221;4.27.4&#8243; _module_preset=&#8221;default&#8221; global_colors_info=&#8221;{}&#8221;]<\/p>\n<p>This work is licensed under a <a href=\"https:\/\/creativecommons.org\/licenses\/by\/4.0\/\" target=\"_blank\" rel=\"noopener\"><span style=\"text-decoration: underline;\">Creative Commons Attribution 4.0 International License.<\/span><\/a><\/p>\n<p>[\/et_pb_text][et_pb_text _builder_version=&#8221;4.27.4&#8243; _module_preset=&#8221;default&#8221; global_colors_info=&#8221;{}&#8221;]<\/p>\n<p>This work is licensed under a <span style=\"text-decoration: underline;\"><a href=\"http:\/\/creativecommons.org\/licenses\/by\/4.0\/\" target=\"_blank\" rel=\"noopener\">CC BY Creative Commons Attribution 4.0 International License<\/a><\/span>, which permits any use, reproduction, distribution, self-archiving and citation of the work as long as the authors are credited. The complete bibliographical data of <em>Symbolon<\/em> Journal must also be indicated, which you can find in the <em>How to cite<\/em> section on this page. If possible, please also place a link leading to the original publication. Copyright of articles belongs to the authors.<\/p>\n<p>[\/et_pb_text][\/et_pb_column][\/et_pb_row][\/et_pb_section]<\/p>\n","protected":false},"excerpt":{"rendered":"<p>Dragica PANI\u0106 KA\u0160ANSKI: RETROSPECTIONS AND REFLECTIONS OF THE ETHNOMUSICOLOGICAL WORK OF VLAD\u041e S. MILO\u0160EVI\u0106DOI: 10.63702\/csembe.2024.1.7.11Keywords: Days of Vlado S. Milo\u0161evi\u0107; Musicological Society of the Republic of Srpska; Tradition on Stage;Abstract:Vlado Milo\u0161evi\u0107 is a complex creative personality of the 20th century, who devoted his entire working life to music. History remembers him as an ethnomusicologist, visionary, [&hellip;]<\/p>\n","protected":false},"author":1,"featured_media":0,"parent":1501,"menu_order":0,"comment_status":"closed","ping_status":"closed","template":"","meta":{"_et_pb_use_builder":"on","_et_pb_old_content":"","_et_gb_content_width":"","footnotes":""},"class_list":["post-1816","page","type-page","status-publish","hentry"],"yoast_head":"<!-- This site is optimized with the Yoast SEO plugin v26.8 - https:\/\/yoast.com\/product\/yoast-seo-wordpress\/ -->\n<title>RETROSPECTIONS AND REFLECTIONS OF THE ETHNOMUSICOLOGICAL WORK OF VLAD\u041e S. MILO\u0160EVI\u0106 | Cercet\u0103ri \u0219i studii<\/title>\n<meta name=\"robots\" content=\"index, follow, max-snippet:-1, max-image-preview:large, max-video-preview:-1\" \/>\n<link rel=\"canonical\" href=\"https:\/\/cs-embe.ro\/en\/nr-7-1-2024\/retrospections-and-reflections-of-the-ethnomusicological-work-of-vlad\u043e-s-milosevic\/\" \/>\n<meta property=\"og:locale\" content=\"en_US\" \/>\n<meta property=\"og:type\" content=\"article\" \/>\n<meta property=\"og:title\" content=\"RETROSPECTIONS AND REFLECTIONS OF THE ETHNOMUSICOLOGICAL WORK OF VLAD\u041e S. MILO\u0160EVI\u0106 | Cercet\u0103ri \u0219i studii\" \/>\n<meta property=\"og:url\" content=\"https:\/\/cs-embe.ro\/en\/nr-7-1-2024\/retrospections-and-reflections-of-the-ethnomusicological-work-of-vlad\u043e-s-milosevic\/\" \/>\n<meta property=\"og:site_name\" content=\"Cercet\u0103ri \u0219i studii\" \/>\n<meta property=\"article:modified_time\" content=\"2025-06-03T20:48:29+00:00\" \/>\n<meta property=\"og:image\" content=\"https:\/\/cs-embe.ro\/wp-content\/uploads\/2023\/03\/logo-acb-negru-3-limbi_var1-1.png\" \/>\n\t<meta property=\"og:image:width\" content=\"340\" \/>\n\t<meta property=\"og:image:height\" content=\"183\" \/>\n\t<meta property=\"og:image:type\" content=\"image\/png\" \/>\n<meta name=\"twitter:card\" content=\"summary_large_image\" \/>\n<script type=\"application\/ld+json\" class=\"yoast-schema-graph\">{\"@context\":\"https:\/\/schema.org\",\"@graph\":[{\"@type\":\"WebPage\",\"@id\":\"https:\/\/cs-embe.ro\/en\/nr-7-1-2024\/retrospections-and-reflections-of-the-ethnomusicological-work-of-vlad%d0%be-s-milosevic\/\",\"url\":\"https:\/\/cs-embe.ro\/en\/nr-7-1-2024\/retrospections-and-reflections-of-the-ethnomusicological-work-of-vlad%d0%be-s-milosevic\/\",\"name\":\"RETROSPECTIONS AND REFLECTIONS OF THE ETHNOMUSICOLOGICAL WORK OF VLAD\u041e S. MILO\u0160EVI\u0106 | Cercet\u0103ri \u0219i studii\",\"isPartOf\":{\"@id\":\"https:\/\/cs-embe.ro\/#website\"},\"datePublished\":\"2025-04-10T18:01:33+00:00\",\"dateModified\":\"2025-06-03T20:48:29+00:00\",\"breadcrumb\":{\"@id\":\"https:\/\/cs-embe.ro\/en\/nr-7-1-2024\/retrospections-and-reflections-of-the-ethnomusicological-work-of-vlad%d0%be-s-milosevic\/#breadcrumb\"},\"inLanguage\":\"en-US\",\"potentialAction\":[{\"@type\":\"ReadAction\",\"target\":[\"https:\/\/cs-embe.ro\/en\/nr-7-1-2024\/retrospections-and-reflections-of-the-ethnomusicological-work-of-vlad%d0%be-s-milosevic\/\"]}]},{\"@type\":\"BreadcrumbList\",\"@id\":\"https:\/\/cs-embe.ro\/en\/nr-7-1-2024\/retrospections-and-reflections-of-the-ethnomusicological-work-of-vlad%d0%be-s-milosevic\/#breadcrumb\",\"itemListElement\":[{\"@type\":\"ListItem\",\"position\":1,\"name\":\"Home\",\"item\":\"https:\/\/cs-embe.ro\/en\/\"},{\"@type\":\"ListItem\",\"position\":2,\"name\":\"Vol. 5, No. 7 \/ 2024\",\"item\":\"https:\/\/cs-embe.ro\/en\/nr-7-1-2024\/\"},{\"@type\":\"ListItem\",\"position\":3,\"name\":\"RETROSPECTIONS AND REFLECTIONS OF THE ETHNOMUSICOLOGICAL WORK OF VLAD\u041e S. MILO\u0160EVI\u0106\"}]},{\"@type\":\"WebSite\",\"@id\":\"https:\/\/cs-embe.ro\/#website\",\"url\":\"https:\/\/cs-embe.ro\/\",\"name\":\"Cercet\u0103ri \u0219i studii. Etno-muzicologie, bizantinologie \u0219i etnologie\",\"description\":\"Cercet\u0103ri \u0219i studii etno-muzicologice, bizantinologice \u0219i etnologice\",\"publisher\":{\"@id\":\"https:\/\/cs-embe.ro\/#organization\"},\"potentialAction\":[{\"@type\":\"SearchAction\",\"target\":{\"@type\":\"EntryPoint\",\"urlTemplate\":\"https:\/\/cs-embe.ro\/?s={search_term_string}\"},\"query-input\":{\"@type\":\"PropertyValueSpecification\",\"valueRequired\":true,\"valueName\":\"search_term_string\"}}],\"inLanguage\":\"en-US\"},{\"@type\":\"Organization\",\"@id\":\"https:\/\/cs-embe.ro\/#organization\",\"name\":\"Asocia\u021bia pentru Cultur\u0103 Ban\u0103\u021bean\u0103\",\"url\":\"https:\/\/cs-embe.ro\/\",\"logo\":{\"@type\":\"ImageObject\",\"inLanguage\":\"en-US\",\"@id\":\"https:\/\/cs-embe.ro\/#\/schema\/logo\/image\/\",\"url\":\"https:\/\/cs-embe.ro\/wp-content\/uploads\/2023\/03\/logo-acb-negru-3-limbi_var1-1.png\",\"contentUrl\":\"https:\/\/cs-embe.ro\/wp-content\/uploads\/2023\/03\/logo-acb-negru-3-limbi_var1-1.png\",\"width\":340,\"height\":183,\"caption\":\"Asocia\u021bia pentru Cultur\u0103 Ban\u0103\u021bean\u0103\"},\"image\":{\"@id\":\"https:\/\/cs-embe.ro\/#\/schema\/logo\/image\/\"}}]}<\/script>\n<!-- \/ Yoast SEO plugin. -->","yoast_head_json":{"title":"RETROSPECTIONS AND REFLECTIONS OF THE ETHNOMUSICOLOGICAL WORK OF VLAD\u041e S. MILO\u0160EVI\u0106 | Cercet\u0103ri \u0219i studii","robots":{"index":"index","follow":"follow","max-snippet":"max-snippet:-1","max-image-preview":"max-image-preview:large","max-video-preview":"max-video-preview:-1"},"canonical":"https:\/\/cs-embe.ro\/en\/nr-7-1-2024\/retrospections-and-reflections-of-the-ethnomusicological-work-of-vlad\u043e-s-milosevic\/","og_locale":"en_US","og_type":"article","og_title":"RETROSPECTIONS AND REFLECTIONS OF THE ETHNOMUSICOLOGICAL WORK OF VLAD\u041e S. MILO\u0160EVI\u0106 | Cercet\u0103ri \u0219i studii","og_url":"https:\/\/cs-embe.ro\/en\/nr-7-1-2024\/retrospections-and-reflections-of-the-ethnomusicological-work-of-vlad\u043e-s-milosevic\/","og_site_name":"Cercet\u0103ri \u0219i studii","article_modified_time":"2025-06-03T20:48:29+00:00","og_image":[{"width":340,"height":183,"url":"https:\/\/cs-embe.ro\/wp-content\/uploads\/2023\/03\/logo-acb-negru-3-limbi_var1-1.png","type":"image\/png"}],"twitter_card":"summary_large_image","schema":{"@context":"https:\/\/schema.org","@graph":[{"@type":"WebPage","@id":"https:\/\/cs-embe.ro\/en\/nr-7-1-2024\/retrospections-and-reflections-of-the-ethnomusicological-work-of-vlad%d0%be-s-milosevic\/","url":"https:\/\/cs-embe.ro\/en\/nr-7-1-2024\/retrospections-and-reflections-of-the-ethnomusicological-work-of-vlad%d0%be-s-milosevic\/","name":"RETROSPECTIONS AND REFLECTIONS OF THE ETHNOMUSICOLOGICAL WORK OF VLAD\u041e S. MILO\u0160EVI\u0106 | Cercet\u0103ri \u0219i studii","isPartOf":{"@id":"https:\/\/cs-embe.ro\/#website"},"datePublished":"2025-04-10T18:01:33+00:00","dateModified":"2025-06-03T20:48:29+00:00","breadcrumb":{"@id":"https:\/\/cs-embe.ro\/en\/nr-7-1-2024\/retrospections-and-reflections-of-the-ethnomusicological-work-of-vlad%d0%be-s-milosevic\/#breadcrumb"},"inLanguage":"en-US","potentialAction":[{"@type":"ReadAction","target":["https:\/\/cs-embe.ro\/en\/nr-7-1-2024\/retrospections-and-reflections-of-the-ethnomusicological-work-of-vlad%d0%be-s-milosevic\/"]}]},{"@type":"BreadcrumbList","@id":"https:\/\/cs-embe.ro\/en\/nr-7-1-2024\/retrospections-and-reflections-of-the-ethnomusicological-work-of-vlad%d0%be-s-milosevic\/#breadcrumb","itemListElement":[{"@type":"ListItem","position":1,"name":"Home","item":"https:\/\/cs-embe.ro\/en\/"},{"@type":"ListItem","position":2,"name":"Vol. 5, No. 7 \/ 2024","item":"https:\/\/cs-embe.ro\/en\/nr-7-1-2024\/"},{"@type":"ListItem","position":3,"name":"RETROSPECTIONS AND REFLECTIONS OF THE ETHNOMUSICOLOGICAL WORK OF VLAD\u041e S. MILO\u0160EVI\u0106"}]},{"@type":"WebSite","@id":"https:\/\/cs-embe.ro\/#website","url":"https:\/\/cs-embe.ro\/","name":"Cercet\u0103ri \u0219i studii. Etno-muzicologie, bizantinologie \u0219i etnologie","description":"Cercet\u0103ri \u0219i studii etno-muzicologice, bizantinologice \u0219i etnologice","publisher":{"@id":"https:\/\/cs-embe.ro\/#organization"},"potentialAction":[{"@type":"SearchAction","target":{"@type":"EntryPoint","urlTemplate":"https:\/\/cs-embe.ro\/?s={search_term_string}"},"query-input":{"@type":"PropertyValueSpecification","valueRequired":true,"valueName":"search_term_string"}}],"inLanguage":"en-US"},{"@type":"Organization","@id":"https:\/\/cs-embe.ro\/#organization","name":"Asocia\u021bia pentru Cultur\u0103 Ban\u0103\u021bean\u0103","url":"https:\/\/cs-embe.ro\/","logo":{"@type":"ImageObject","inLanguage":"en-US","@id":"https:\/\/cs-embe.ro\/#\/schema\/logo\/image\/","url":"https:\/\/cs-embe.ro\/wp-content\/uploads\/2023\/03\/logo-acb-negru-3-limbi_var1-1.png","contentUrl":"https:\/\/cs-embe.ro\/wp-content\/uploads\/2023\/03\/logo-acb-negru-3-limbi_var1-1.png","width":340,"height":183,"caption":"Asocia\u021bia pentru Cultur\u0103 Ban\u0103\u021bean\u0103"},"image":{"@id":"https:\/\/cs-embe.ro\/#\/schema\/logo\/image\/"}}]}},"_links":{"self":[{"href":"https:\/\/cs-embe.ro\/en\/wp-json\/wp\/v2\/pages\/1816","targetHints":{"allow":["GET"]}}],"collection":[{"href":"https:\/\/cs-embe.ro\/en\/wp-json\/wp\/v2\/pages"}],"about":[{"href":"https:\/\/cs-embe.ro\/en\/wp-json\/wp\/v2\/types\/page"}],"author":[{"embeddable":true,"href":"https:\/\/cs-embe.ro\/en\/wp-json\/wp\/v2\/users\/1"}],"replies":[{"embeddable":true,"href":"https:\/\/cs-embe.ro\/en\/wp-json\/wp\/v2\/comments?post=1816"}],"version-history":[{"count":0,"href":"https:\/\/cs-embe.ro\/en\/wp-json\/wp\/v2\/pages\/1816\/revisions"}],"up":[{"embeddable":true,"href":"https:\/\/cs-embe.ro\/en\/wp-json\/wp\/v2\/pages\/1501"}],"wp:attachment":[{"href":"https:\/\/cs-embe.ro\/en\/wp-json\/wp\/v2\/media?parent=1816"}],"curies":[{"name":"wp","href":"https:\/\/api.w.org\/{rel}","templated":true}]}}