{"id":1820,"date":"2025-04-11T23:13:03","date_gmt":"2025-04-11T21:13:03","guid":{"rendered":"https:\/\/cs-embe.ro\/nr-7-1-2023\/historical-aspects-of-the-%d0%bainetography-inscriptions\/"},"modified":"2025-06-03T22:49:51","modified_gmt":"2025-06-03T20:49:51","slug":"historical-aspects-of-the-%d0%bainetography-inscriptions","status":"publish","type":"page","link":"https:\/\/cs-embe.ro\/en\/nr-7-1-2024\/historical-aspects-of-the-%d0%bainetography-inscriptions\/","title":{"rendered":"HISTORICAL ASPECTS OF THE \u041aINETOGRAPHY INSCRIPTIONS"},"content":{"rendered":"<p>[et_pb_section fb_built=&#8221;1&#8243; _builder_version=&#8221;4.21.0&#8243; _module_preset=&#8221;default&#8221; background_enable_color=&#8221;off&#8221; background_image=&#8221;http:\/\/cs-embe.ro\/wp-content\/uploads\/2023\/03\/paper.jpg&#8221; custom_padding=&#8221;||0px||false|false&#8221; animation_style=&#8221;fade&#8221; global_colors_info=&#8221;{}&#8221;][et_pb_row column_structure=&#8221;2_3,1_3&#8243; _builder_version=&#8221;4.27.4&#8243; _module_preset=&#8221;default&#8221; custom_padding=&#8221;||80px||false|false&#8221; global_colors_info=&#8221;{}&#8221;][et_pb_column type=&#8221;2_3&#8243; _builder_version=&#8221;4.21.0&#8243; _module_preset=&#8221;default&#8221; global_colors_info=&#8221;{}&#8221;][et_pb_text _builder_version=&#8221;4.27.4&#8243; _module_preset=&#8221;default&#8221; global_colors_info=&#8221;{}&#8221;]<\/p>\n<p><strong>Hristijan NIKOLOVSKI:<\/strong> HISTORICAL ASPECTS OF THE \u041aINETOGRAPHY INSCRIPTIONS<\/p>\n<p>[\/et_pb_text][et_pb_text _builder_version=&#8221;4.27.4&#8243; _module_preset=&#8221;default&#8221; hover_enabled=&#8221;0&#8243; global_colors_info=&#8221;{}&#8221; sticky_enabled=&#8221;0&#8243;]<\/p>\n<p><strong>DOI: 10.63702\/csembe.2024.1.7.181<\/strong><\/p>\n<p>[\/et_pb_text][et_pb_text _builder_version=&#8221;4.27.4&#8243; _module_preset=&#8221;default&#8221; global_colors_info=&#8221;{}&#8221;]<\/p>\n<p><strong>Keywords: <\/strong>Historical aspects; Kinetography letters; Yugoslav kinetography; Labannotation;<\/p>\n<p>[\/et_pb_text][et_pb_text _builder_version=&#8221;4.27.4&#8243; _module_preset=&#8221;default&#8221; global_colors_info=&#8221;{}&#8221;]<\/p>\n<p><strong>Abstract:<br \/><\/strong>In this paper, we will try to make an analytical review of cinetographic letters that were used in the territory of the former Yugoslav state, which included the territories of today&#8217;s Serbia, Macedonia, Croatia, Bosnia and Herzegovina, Slovenia and Montenegro. We will also give a critical review of Laban&#8217;s cinetography, its acceptance, use and influences that are still felt and clearly seen in these spaces even today. As we said, we would like to highlight the cinetographic letters through their representatives and their works, which are of great importance and leave lasting marks in ethnochoreology science.<\/p>\n<p>[\/et_pb_text][et_pb_text _builder_version=&#8221;4.27.4&#8243; _module_preset=&#8221;default&#8221; global_colors_info=&#8221;{}&#8221;]<\/p>\n<p><strong>References:<br \/><\/strong>&#8211; Ivana\u010d\u0430n, Ivan, (1985). Narodni plesni obi\u010daji ju\u017ene Dalmacije. Narodna plesna kultura u Hrvata (Folk Dance Customs of Southern Dalmatia: Folk Dance Culture in Croatia), Vara\u017edin<br \/>&#8211; Ivana\u010d\u0430n, Ivan, (1956). Narodni plesovi Hrvatske I (Croatian Folk Dances),1. Zagreb.<br \/>&#8211; Ivana\u010d\u0430n, Ivan, (1996). Narodni plesni obi\u010daji u Hrvata (Croatian Folk Dance Customs), Zagreb.<br \/>&#8211; Karin, Vesna, (2018). Nove tendencije razvoja kinetogrfije u Srbiji I region. U: \u0423: \u0415\u0442\u043d\u043e\u0430\u043d\u0442\u0440\u043e\u043f\u043e\u043b\u043e\u0448\u043a\u0438 \u043f\u0440\u043e\u0431\u043b\u0435\u043c\u0438, \u0431\u0440.13, sveska 3. \u0423\u0440. \u041f\u0440\u043e\u0444. \u0434-\u0440 \u0414\u0440\u0430\u0433\u0430\u043d\u0430 \u0410\u043d\u0442\u043e\u043d\u0438\u0458\u0435\u0432\u0438\u0447. \u0411\u0435\u043e\u0433\u0440\u0430\u0434: \u041e\u0434\u0435\u043b\u0435\u045a\u0435 \u0437\u0430 \u0435\u0442\u043d\u043e\u043b\u043e\u0433\u0438\u0458\u0443 \u0438 \u0430\u043d\u0442\u0440\u043e\u043f\u043e\u043b\u043e\u0433\u0438\u0458\u0443 \u0424\u0438\u043b\u043e\u0437\u043e\u0444\u0441\u043a\u043e\u0433 \u0444\u0430\u043a\u0443\u043b\u0442\u0435\u0442\u0430 \u0423\u043d\u0438\u0432\u0435\u0440\u0437\u0438\u0442\u0435\u0442\u0430 \u0443 \u0411\u0435\u043e\u0433\u0440\u0430\u0434\u0443, 825 \u2013 840.<br \/>&#8211; Ko\u0161uta, Miran; Nadja, Kri\u0161\u0107ak; Breda, Pahor; Franka, Slavec; Peter, Suhadolc; Dragica, Ule- Maver; Bojana, Vatovec, (1985). Deklica Podaj Roko, ljudski plesi, pesmi in nosa Slovencev v Italiji. Ljubljana.<br \/>&#8211; Miljkovi\u0107, \u017divojin, (1995). Priru\u010dnik za zapisivanje narodnih igara 1, Narodne igre. Gra\u0111a, sveska 8, ur. Olivera Vasi\u0107, Beograd: Centar za prou\u010davanje narodnih igara Srbije Fakulteta muzi\u010dke umetnosti, 169-180.<br \/>&#8211; Miljkovi\u0107, \u017divojin, (1996). Priru\u010dnik za zapisivanje narodnih igara 2, Narodne igre. Gra\u0111a, sveska 9, ur. Olivera Vasi\u0107, Beograd: Centar za prou\u010davanje narodnih igara Srbije Fakulteta muzi\u010dke umetnosti, 155-167.<br \/>&#8211; Miljkovi\u0107, \u017divojin, (1996). Priru\u010dnik za zapisivanje narodnih igara 3 Narodne igre. Gra\u0111a, sveska 10, ur. Olivera Vasi\u0107, Beograd: Centar za prou\u010davanje narodnih igara Srbije Fakulteta muzi\u010dke umetnosti, 97-118.<br \/>&#8211; Miljkovi\u0107, \u017divojin, (1997). Priru\u010dnik za zapisivanje narodnih igara 4, Narodne igre. Gra\u0111a, sveska 11, ur. Olivera Vasi\u0107, Beograd: Centar za prou\u010davanje narodnih igara Srbije Fakulteta muzi\u010dke umetnosti, 157-174.<br \/>&#8211; Rakocevi\u045b, Selena (2018). Sestre Jankovic I Labanova kinetografija. Muzicka I igracka tradicija multietnicke i multikulturalne Srbije (br. 177024). Ministarstva prosvete, nauke I tehnoloskog razvoja republike Srbije. Beograd.<br \/>&#8211; Ravnikar, Bruno, (1969). Koreografija, ljudskega plesa, Ljubljana.<br \/>&#8211; Ravnikar, Bruno, (1980). Kinetografija, s.l.: Savez kulturnih organizacija Slovenije.<br \/>&#8211; Ravnikar, Bruno, (1980). Kinetografija, s.l.: Savez kulturnih organizacija Slovenije.<br \/>&#8211; Ravnikar, Bruno, (2004). Kinetografija, plesin gib, Kranj.<br \/>&#8211; Stojiljkovi\u0107 &#8211; Baji\u0107, Vesna (2006). Od z\u0430pis\u0430 tr\u0430dicion\u0430lne muzike i igre k\u0430 prer\u0430di, obr\u0430di i kompoziciji (muzi\u010dko i igr\u0430\u010dko n\u0430sle\u0111e u kulturno-umetni\u010dkim dru\u0161tvim\u0430 i obr\u0430zovnim institucij\u0430m\u0430 u Srbiji), diplomska naloga, F\u0430kultet muzi\u010dke umetnosti u Beogr\u0430du. (u rukopis)<br \/>&#8211; \u0414\u0438\u043c\u043e\u0441\u043a\u0438, \u041c\u0438\u0445\u0430\u0438\u043b\u043e, (1977). \u041c\u0430\u043a\u0435\u0434\u043e\u043d\u0441\u043a\u0438 \u043d\u0430\u0440\u043e\u0434\u043d\u0438 \u043e\u0440\u0430, \u0418\u043d\u0441\u0442\u0438\u0442\u0443\u0442 \u0437\u0430 \u0444\u043e\u043b\u043a\u043b\u043e\u0440, \u0421\u043a\u043e\u043f\u0458\u0435, \u0441\u0442\u0440. 80.<br \/>&#8211; \u0408\u0430\u043d\u0435\u0432\u0441\u043a\u0438, \u0412\u043b\u0430\u0434\u0438\u043c\u0438\u0440, (2013). \u0415\u0442\u043d\u043e\u043a\u043e\u0440\u0435\u043e\u043b\u043e\u0448\u043a\u0438 \u043a\u0430\u0440\u0430\u043a\u0442\u0435\u0440\u0438\u0441\u0442\u0438\u043a\u0438 \u043d\u0430 \u043c\u0430\u043a\u0435\u0434\u043e\u043d\u0441\u043a\u0438\u0442\u0435 \u043d\u0430\u0440\u043e\u0434\u043d\u0438 \u043e\u0440\u0430 (\u043f\u043e \u0438\u0437\u0431\u0440\u0430\u043d\u0438 \u043f\u0440\u0438\u043c\u0435\u0440\u0438), \u0418\u043d\u0441\u0442\u0438\u0442\u0443\u0442 \u0437\u0430 \u0444\u043e\u043b\u043a\u043b\u043e\u0440, \u0421\u043a\u043e\u043f\u0458\u0435.<br \/>&#8211; \u0408\u0430\u043d\u0435\u0432\u0441\u043a\u0438, \u0412\u043b\u0430\u0434\u0438\u043c\u0438\u0440, (2019). \u0415\u0442\u043d\u043e\u043a\u043e\u0440\u0435\u043e\u043b\u043e\u0448\u043a\u0430 \u043a\u043b\u0430\u0441\u0438\u0444\u0438\u043a\u0430\u0446\u0438\u0458\u0430 \u043d\u0430 \u043e\u0440\u0430\u0442\u0430 \u0432\u043e \u041c\u0430\u043a\u0435\u0434\u043e\u043d\u0438\u0458\u0430, \u0417\u0434\u0440\u0443\u0436\u0435\u043d\u0438\u0435 \u043d\u0430 \u0435\u0442\u043d\u043e\u043a\u043e\u0440\u0435\u043e\u043b\u043e\u0437\u0438 \u043d\u0430 \u041c\u0430\u043a\u0435\u0434\u043e\u043d\u0438\u0458\u0430, \u0421\u043a\u043e\u043f\u0458\u0435.<br \/>&#8211; \u0408\u0430\u043d\u043a\u043e\u0432\u0438\u045b, \u0409\u0443\u0431\u0438\u0446\u0430 \u0438 \u0414\u0430\u043d\u0438\u0446\u0430, (1934). \u041d\u0430\u0440\u043e\u0434\u043d\u0435 \u0438\u0433\u0440\u0435, \u043a\u045a\u0438\u0433\u0430 I, \u0411\u0435\u043e\u0433\u0440\u0430\u0434.<br \/>&#8211; \u0424\u0438\u0440\u0444\u043e\u0432, \u0416\u0438\u0432\u043a\u043e; \u041f\u0430\u0458\u0442\u043e\u043d\u045f\u0438\u0435\u0432, \u0413\u0430\u043d\u0447\u043e, (1953). \u041c\u0430\u043a\u0435\u0434\u043e\u043d\u0441\u043a\u0438 \u043d\u0430\u0440\u043e\u0434\u043d\u0438 \u043e\u0440\u0430, \u0418\u043d\u0441\u0442\u0438\u0442\u0443\u0442 \u0437\u0430 \u0444\u043e\u043b\u043a\u043b\u043e\u0440 \u041c\u0430\u0440\u043a\u043e \u0426\u0435\u043f\u0435\u043d\u043a\u043e\u0432, \u0421\u043a\u043e\u043f\u0458\u0435.<\/p>\n<p>[\/et_pb_text][\/et_pb_column][et_pb_column type=&#8221;1_3&#8243; _builder_version=&#8221;4.27.4&#8243; _module_preset=&#8221;default&#8221; background_color=&#8221;#FFFFFF&#8221; custom_padding=&#8221;16px|16px|16px|16px|false|false&#8221; border_radii=&#8221;on|8px|8px|8px|8px&#8221; global_colors_info=&#8221;{}&#8221;][et_pb_button button_url=&#8221;https:\/\/cs-embe.ro\/wp-content\/uploads\/2025\/06\/7_15-Nikolovski.pdf&#8221; button_text=&#8221;Articol PDF&#8221; _builder_version=&#8221;4.27.4&#8243; _module_preset=&#8221;default&#8221; hover_enabled=&#8221;0&#8243; global_colors_info=&#8221;{}&#8221; sticky_enabled=&#8221;0&#8243;][\/et_pb_button][et_pb_text _builder_version=&#8221;4.27.4&#8243; _module_preset=&#8221;default&#8221; global_colors_info=&#8221;{}&#8221;]<\/p>\n<p><strong>Published:<br \/><\/strong>15.07.2024<strong><\/strong><\/p>\n<p>[\/et_pb_text][et_pb_text _builder_version=&#8221;4.27.4&#8243; _module_preset=&#8221;default&#8221; custom_margin=&#8221;||8px||false|false&#8221; custom_padding=&#8221;||||false|false&#8221; global_colors_info=&#8221;{}&#8221;]<\/p>\n<p><strong>License:<\/strong><strong><\/strong><\/p>\n<p>[\/et_pb_text][et_pb_image src=&#8221;https:\/\/cs-embe.ro\/wp-content\/uploads\/2025\/04\/CC_logomark2.svg&#8221; title_text=&#8221;CC_logomark2&#8243; _builder_version=&#8221;4.27.4&#8243; _module_preset=&#8221;default&#8221; max_width=&#8221;50%&#8221; global_colors_info=&#8221;{}&#8221;][\/et_pb_image][et_pb_text _builder_version=&#8221;4.27.4&#8243; _module_preset=&#8221;default&#8221; global_colors_info=&#8221;{}&#8221;]<\/p>\n<p>This work is licensed under a <a href=\"https:\/\/creativecommons.org\/licenses\/by\/4.0\/\" target=\"_blank\" rel=\"noopener\"><span style=\"text-decoration: underline;\">Creative Commons Attribution 4.0 International License.<\/span><\/a><\/p>\n<p>[\/et_pb_text][et_pb_text _builder_version=&#8221;4.27.4&#8243; _module_preset=&#8221;default&#8221; global_colors_info=&#8221;{}&#8221;]<\/p>\n<p>This work is licensed under a <span style=\"text-decoration: underline;\"><a href=\"http:\/\/creativecommons.org\/licenses\/by\/4.0\/\" target=\"_blank\" rel=\"noopener\">CC BY Creative Commons Attribution 4.0 International License<\/a><\/span>, which permits any use, reproduction, distribution, self-archiving and citation of the work as long as the authors are credited. The complete bibliographical data of <em>Symbolon<\/em> Journal must also be indicated, which you can find in the <em>How to cite<\/em> section on this page. If possible, please also place a link leading to the original publication. Copyright of articles belongs to the authors.<\/p>\n<p>[\/et_pb_text][\/et_pb_column][\/et_pb_row][\/et_pb_section]<\/p>\n","protected":false},"excerpt":{"rendered":"<p>Hristijan NIKOLOVSKI: HISTORICAL ASPECTS OF THE \u041aINETOGRAPHY INSCRIPTIONSDOI: 10.63702\/csembe.2024.1.7.181Keywords: Historical aspects; Kinetography letters; Yugoslav kinetography; Labannotation;Abstract:In this paper, we will try to make an analytical review of cinetographic letters that were used in the territory of the former Yugoslav state, which included the territories of today&#8217;s Serbia, Macedonia, Croatia, Bosnia and Herzegovina, Slovenia and Montenegro. [&hellip;]<\/p>\n","protected":false},"author":1,"featured_media":0,"parent":1501,"menu_order":0,"comment_status":"closed","ping_status":"closed","template":"","meta":{"_et_pb_use_builder":"on","_et_pb_old_content":"","_et_gb_content_width":"","footnotes":""},"class_list":["post-1820","page","type-page","status-publish","hentry"],"yoast_head":"<!-- This site is optimized with the Yoast SEO plugin v26.8 - https:\/\/yoast.com\/product\/yoast-seo-wordpress\/ -->\n<title>HISTORICAL ASPECTS OF THE \u041aINETOGRAPHY INSCRIPTIONS | Cercet\u0103ri \u0219i studii<\/title>\n<meta name=\"robots\" content=\"index, follow, max-snippet:-1, max-image-preview:large, max-video-preview:-1\" \/>\n<link rel=\"canonical\" href=\"https:\/\/cs-embe.ro\/en\/nr-7-1-2024\/historical-aspects-of-the-\u043ainetography-inscriptions\/\" \/>\n<meta property=\"og:locale\" content=\"en_US\" \/>\n<meta property=\"og:type\" content=\"article\" \/>\n<meta property=\"og:title\" content=\"HISTORICAL ASPECTS OF THE \u041aINETOGRAPHY INSCRIPTIONS | Cercet\u0103ri \u0219i studii\" \/>\n<meta property=\"og:url\" content=\"https:\/\/cs-embe.ro\/en\/nr-7-1-2024\/historical-aspects-of-the-\u043ainetography-inscriptions\/\" \/>\n<meta property=\"og:site_name\" content=\"Cercet\u0103ri \u0219i studii\" \/>\n<meta property=\"article:modified_time\" content=\"2025-06-03T20:49:51+00:00\" \/>\n<meta property=\"og:image\" content=\"https:\/\/cs-embe.ro\/wp-content\/uploads\/2023\/03\/logo-acb-negru-3-limbi_var1-1.png\" \/>\n\t<meta property=\"og:image:width\" content=\"340\" \/>\n\t<meta property=\"og:image:height\" content=\"183\" \/>\n\t<meta property=\"og:image:type\" content=\"image\/png\" \/>\n<meta name=\"twitter:card\" content=\"summary_large_image\" \/>\n<script type=\"application\/ld+json\" class=\"yoast-schema-graph\">{\"@context\":\"https:\/\/schema.org\",\"@graph\":[{\"@type\":\"WebPage\",\"@id\":\"https:\/\/cs-embe.ro\/en\/nr-7-1-2024\/historical-aspects-of-the-%d0%bainetography-inscriptions\/\",\"url\":\"https:\/\/cs-embe.ro\/en\/nr-7-1-2024\/historical-aspects-of-the-%d0%bainetography-inscriptions\/\",\"name\":\"HISTORICAL ASPECTS OF THE \u041aINETOGRAPHY INSCRIPTIONS | Cercet\u0103ri \u0219i studii\",\"isPartOf\":{\"@id\":\"https:\/\/cs-embe.ro\/#website\"},\"datePublished\":\"2025-04-11T21:13:03+00:00\",\"dateModified\":\"2025-06-03T20:49:51+00:00\",\"breadcrumb\":{\"@id\":\"https:\/\/cs-embe.ro\/en\/nr-7-1-2024\/historical-aspects-of-the-%d0%bainetography-inscriptions\/#breadcrumb\"},\"inLanguage\":\"en-US\",\"potentialAction\":[{\"@type\":\"ReadAction\",\"target\":[\"https:\/\/cs-embe.ro\/en\/nr-7-1-2024\/historical-aspects-of-the-%d0%bainetography-inscriptions\/\"]}]},{\"@type\":\"BreadcrumbList\",\"@id\":\"https:\/\/cs-embe.ro\/en\/nr-7-1-2024\/historical-aspects-of-the-%d0%bainetography-inscriptions\/#breadcrumb\",\"itemListElement\":[{\"@type\":\"ListItem\",\"position\":1,\"name\":\"Home\",\"item\":\"https:\/\/cs-embe.ro\/en\/\"},{\"@type\":\"ListItem\",\"position\":2,\"name\":\"Vol. 5, No. 7 \/ 2024\",\"item\":\"https:\/\/cs-embe.ro\/en\/nr-7-1-2024\/\"},{\"@type\":\"ListItem\",\"position\":3,\"name\":\"HISTORICAL ASPECTS OF THE \u041aINETOGRAPHY INSCRIPTIONS\"}]},{\"@type\":\"WebSite\",\"@id\":\"https:\/\/cs-embe.ro\/#website\",\"url\":\"https:\/\/cs-embe.ro\/\",\"name\":\"Cercet\u0103ri \u0219i studii. Etno-muzicologie, bizantinologie \u0219i etnologie\",\"description\":\"Cercet\u0103ri \u0219i studii etno-muzicologice, bizantinologice \u0219i etnologice\",\"publisher\":{\"@id\":\"https:\/\/cs-embe.ro\/#organization\"},\"potentialAction\":[{\"@type\":\"SearchAction\",\"target\":{\"@type\":\"EntryPoint\",\"urlTemplate\":\"https:\/\/cs-embe.ro\/?s={search_term_string}\"},\"query-input\":{\"@type\":\"PropertyValueSpecification\",\"valueRequired\":true,\"valueName\":\"search_term_string\"}}],\"inLanguage\":\"en-US\"},{\"@type\":\"Organization\",\"@id\":\"https:\/\/cs-embe.ro\/#organization\",\"name\":\"Asocia\u021bia pentru Cultur\u0103 Ban\u0103\u021bean\u0103\",\"url\":\"https:\/\/cs-embe.ro\/\",\"logo\":{\"@type\":\"ImageObject\",\"inLanguage\":\"en-US\",\"@id\":\"https:\/\/cs-embe.ro\/#\/schema\/logo\/image\/\",\"url\":\"https:\/\/cs-embe.ro\/wp-content\/uploads\/2023\/03\/logo-acb-negru-3-limbi_var1-1.png\",\"contentUrl\":\"https:\/\/cs-embe.ro\/wp-content\/uploads\/2023\/03\/logo-acb-negru-3-limbi_var1-1.png\",\"width\":340,\"height\":183,\"caption\":\"Asocia\u021bia pentru Cultur\u0103 Ban\u0103\u021bean\u0103\"},\"image\":{\"@id\":\"https:\/\/cs-embe.ro\/#\/schema\/logo\/image\/\"}}]}<\/script>\n<!-- \/ Yoast SEO plugin. -->","yoast_head_json":{"title":"HISTORICAL ASPECTS OF THE \u041aINETOGRAPHY INSCRIPTIONS | Cercet\u0103ri \u0219i studii","robots":{"index":"index","follow":"follow","max-snippet":"max-snippet:-1","max-image-preview":"max-image-preview:large","max-video-preview":"max-video-preview:-1"},"canonical":"https:\/\/cs-embe.ro\/en\/nr-7-1-2024\/historical-aspects-of-the-\u043ainetography-inscriptions\/","og_locale":"en_US","og_type":"article","og_title":"HISTORICAL ASPECTS OF THE \u041aINETOGRAPHY INSCRIPTIONS | Cercet\u0103ri \u0219i studii","og_url":"https:\/\/cs-embe.ro\/en\/nr-7-1-2024\/historical-aspects-of-the-\u043ainetography-inscriptions\/","og_site_name":"Cercet\u0103ri \u0219i studii","article_modified_time":"2025-06-03T20:49:51+00:00","og_image":[{"width":340,"height":183,"url":"https:\/\/cs-embe.ro\/wp-content\/uploads\/2023\/03\/logo-acb-negru-3-limbi_var1-1.png","type":"image\/png"}],"twitter_card":"summary_large_image","schema":{"@context":"https:\/\/schema.org","@graph":[{"@type":"WebPage","@id":"https:\/\/cs-embe.ro\/en\/nr-7-1-2024\/historical-aspects-of-the-%d0%bainetography-inscriptions\/","url":"https:\/\/cs-embe.ro\/en\/nr-7-1-2024\/historical-aspects-of-the-%d0%bainetography-inscriptions\/","name":"HISTORICAL ASPECTS OF THE \u041aINETOGRAPHY INSCRIPTIONS | Cercet\u0103ri \u0219i studii","isPartOf":{"@id":"https:\/\/cs-embe.ro\/#website"},"datePublished":"2025-04-11T21:13:03+00:00","dateModified":"2025-06-03T20:49:51+00:00","breadcrumb":{"@id":"https:\/\/cs-embe.ro\/en\/nr-7-1-2024\/historical-aspects-of-the-%d0%bainetography-inscriptions\/#breadcrumb"},"inLanguage":"en-US","potentialAction":[{"@type":"ReadAction","target":["https:\/\/cs-embe.ro\/en\/nr-7-1-2024\/historical-aspects-of-the-%d0%bainetography-inscriptions\/"]}]},{"@type":"BreadcrumbList","@id":"https:\/\/cs-embe.ro\/en\/nr-7-1-2024\/historical-aspects-of-the-%d0%bainetography-inscriptions\/#breadcrumb","itemListElement":[{"@type":"ListItem","position":1,"name":"Home","item":"https:\/\/cs-embe.ro\/en\/"},{"@type":"ListItem","position":2,"name":"Vol. 5, No. 7 \/ 2024","item":"https:\/\/cs-embe.ro\/en\/nr-7-1-2024\/"},{"@type":"ListItem","position":3,"name":"HISTORICAL ASPECTS OF THE \u041aINETOGRAPHY INSCRIPTIONS"}]},{"@type":"WebSite","@id":"https:\/\/cs-embe.ro\/#website","url":"https:\/\/cs-embe.ro\/","name":"Cercet\u0103ri \u0219i studii. Etno-muzicologie, bizantinologie \u0219i etnologie","description":"Cercet\u0103ri \u0219i studii etno-muzicologice, bizantinologice \u0219i etnologice","publisher":{"@id":"https:\/\/cs-embe.ro\/#organization"},"potentialAction":[{"@type":"SearchAction","target":{"@type":"EntryPoint","urlTemplate":"https:\/\/cs-embe.ro\/?s={search_term_string}"},"query-input":{"@type":"PropertyValueSpecification","valueRequired":true,"valueName":"search_term_string"}}],"inLanguage":"en-US"},{"@type":"Organization","@id":"https:\/\/cs-embe.ro\/#organization","name":"Asocia\u021bia pentru Cultur\u0103 Ban\u0103\u021bean\u0103","url":"https:\/\/cs-embe.ro\/","logo":{"@type":"ImageObject","inLanguage":"en-US","@id":"https:\/\/cs-embe.ro\/#\/schema\/logo\/image\/","url":"https:\/\/cs-embe.ro\/wp-content\/uploads\/2023\/03\/logo-acb-negru-3-limbi_var1-1.png","contentUrl":"https:\/\/cs-embe.ro\/wp-content\/uploads\/2023\/03\/logo-acb-negru-3-limbi_var1-1.png","width":340,"height":183,"caption":"Asocia\u021bia pentru Cultur\u0103 Ban\u0103\u021bean\u0103"},"image":{"@id":"https:\/\/cs-embe.ro\/#\/schema\/logo\/image\/"}}]}},"_links":{"self":[{"href":"https:\/\/cs-embe.ro\/en\/wp-json\/wp\/v2\/pages\/1820","targetHints":{"allow":["GET"]}}],"collection":[{"href":"https:\/\/cs-embe.ro\/en\/wp-json\/wp\/v2\/pages"}],"about":[{"href":"https:\/\/cs-embe.ro\/en\/wp-json\/wp\/v2\/types\/page"}],"author":[{"embeddable":true,"href":"https:\/\/cs-embe.ro\/en\/wp-json\/wp\/v2\/users\/1"}],"replies":[{"embeddable":true,"href":"https:\/\/cs-embe.ro\/en\/wp-json\/wp\/v2\/comments?post=1820"}],"version-history":[{"count":0,"href":"https:\/\/cs-embe.ro\/en\/wp-json\/wp\/v2\/pages\/1820\/revisions"}],"up":[{"embeddable":true,"href":"https:\/\/cs-embe.ro\/en\/wp-json\/wp\/v2\/pages\/1501"}],"wp:attachment":[{"href":"https:\/\/cs-embe.ro\/en\/wp-json\/wp\/v2\/media?parent=1820"}],"curies":[{"name":"wp","href":"https:\/\/api.w.org\/{rel}","templated":true}]}}