{"id":2260,"date":"2025-11-01T14:51:43","date_gmt":"2025-11-01T12:51:43","guid":{"rendered":"https:\/\/cs-embe.ro\/kristina-planjanin-simic-aleksandar-antunovic-on-the-trail-of-ethnomusicological-research-of-trandafir-jurjovan\/"},"modified":"2025-12-06T22:41:42","modified_gmt":"2025-12-06T20:41:42","slug":"nr-8-1-2025-03","status":"publish","type":"page","link":"https:\/\/cs-embe.ro\/en\/nr-8-1-2025-03\/","title":{"rendered":"Kristina PLANJANIN-SIMI\u0106, Aleksandar ANTUNOVI\u0106 &#8211; On the trail of ethnomusicological research of Trandafir Jurjovan"},"content":{"rendered":"<p>[et_pb_section fb_built=&#8221;1&#8243; _builder_version=&#8221;4.21.0&#8243; _module_preset=&#8221;default&#8221; background_enable_color=&#8221;off&#8221; background_image=&#8221;http:\/\/cs-embe.ro\/wp-content\/uploads\/2023\/03\/paper.jpg&#8221; custom_padding=&#8221;||0px||false|false&#8221; animation_style=&#8221;fade&#8221; global_colors_info=&#8221;{}&#8221; theme_builder_area=&#8221;post_content&#8221;][et_pb_row column_structure=&#8221;2_3,1_3&#8243; _builder_version=&#8221;4.27.4&#8243; _module_preset=&#8221;default&#8221; custom_padding=&#8221;||80px||false|false&#8221; global_colors_info=&#8221;{}&#8221; theme_builder_area=&#8221;post_content&#8221;][et_pb_column type=&#8221;2_3&#8243; _builder_version=&#8221;4.21.0&#8243; _module_preset=&#8221;default&#8221; global_colors_info=&#8221;{}&#8221; theme_builder_area=&#8221;post_content&#8221;][et_pb_text _builder_version=&#8221;4.27.5&#8243; _module_preset=&#8221;default&#8221; hover_enabled=&#8221;0&#8243; global_colors_info=&#8221;{}&#8221; theme_builder_area=&#8221;post_content&#8221; sticky_enabled=&#8221;0&#8243;]<\/p>\n<p><b><span lang=\"it-IT\">Kristina PLANJANIN-SIMI\u0106, Aleksandar ANTUNOVI\u0106<\/span><\/b>: <span lang=\"ro-RO\">On the trail of ethnomusicological research of Trandafir Jurjovan<\/span><\/p>\n<p>[\/et_pb_text][et_pb_text _builder_version=&#8221;4.27.5&#8243; _module_preset=&#8221;default&#8221; hover_enabled=&#8221;0&#8243; global_colors_info=&#8221;{}&#8221; theme_builder_area=&#8221;post_content&#8221; sticky_enabled=&#8221;0&#8243;]<\/p>\n<p><strong>DOI: 10.63702\/csembe.2025.1.8.03<\/strong><\/p>\n<p>[\/et_pb_text][et_pb_text _builder_version=&#8221;4.27.4&#8243; _module_preset=&#8221;default&#8221; global_colors_info=&#8221;{}&#8221; theme_builder_area=&#8221;post_content&#8221;]<\/p>\n<p><strong>Cuvinte cheie:<\/strong> <span lang=\"ro-RO\">Trandafir \u017dur\u017eovan (Trandafir Jurjovan); Museum of Vojvodina; Romanian traditional music; ethnomusicological research;<\/span><\/p>\n<p>[\/et_pb_text][et_pb_text _builder_version=&#8221;4.27.4&#8243; _module_preset=&#8221;default&#8221; global_colors_info=&#8221;{}&#8221; theme_builder_area=&#8221;post_content&#8221;]<\/p>\n<p><strong>Abstract:<\/strong><\/p>\n<p><span lang=\"ro-RO\">\u0422he traditional songs and melodies recorded at the begining of the sixth decades of 20 th century as the result of the Folklore department-the division of Ethnology Department of the Museum of Vojvodina and its collaborators Trandafira \u017dur\u017eovana (Trandafir Jurjovan) and Erne Kiralja (Ern\u0151 Kir\u00e1ly), had remained known to the professional public in a very small part. It is an extensive collection recorded on magnetophone tapes in villages inhabited by Romanians, which contained 178 Romanian traditional songs and melodies (Kiralj, 1958, 173). Due to the lack of experts and the institution in the 60s of the 20th century, who would deal with this issue in more detail, as well as despite the damage to the aforementioned recorded music-folklore material, thanks to the ethnologists-curators of the Museum of Vojvodina, after more than 60 decades it has now been preserved on modern audio carriers. <\/span>As such, this material represents a true ethnomusicological rarity.<\/p>\n<p>[\/et_pb_text][et_pb_text _builder_version=&#8221;4.27.5&#8243; _module_preset=&#8221;default&#8221; hover_enabled=&#8221;0&#8243; global_colors_info=&#8221;{}&#8221; theme_builder_area=&#8221;post_content&#8221; sticky_enabled=&#8221;0&#8243;]<\/p>\n<p><strong>References:<br \/><\/strong><\/p>\n<p><span lang=\"ro-RO\">1. Bovdi\u0161ov\u00e1 M. (1976.) \u201eMaterijal Folklornog odseka (dokumentacija i sme\u0161taj)\u201c. Pripravni\u010dki rad, rukopis. Novi Sad: Vojvo\u0111anski muzej.<br \/><\/span><span lang=\"ro-RO\">2. Flora, R. (1975). Folclor literar B\u0103n\u0103\u021bean.Pan\u010devo: Libertatea.<br \/><\/span><span lang=\"ro-RO\">3. Fr\u0103\u021bil\u0103 N. (2021). Crea\u021bii muzical-folclorice ale Rom\u00e2nilor din Banatul S\u00e2rbesc. Zrenianin: Institutul de Cultur\u0103 al Rom\u00e2nilor din Voivodina.<br \/><\/span><span lang=\"ro-RO\">4. \u0418\u0432\u043a\u043e\u0432 \u0412., \u041f\u0435\u0448\u0438\u045b \u0421., \u041f\u043b\u0430\u045a\u0430\u043d\u0438\u043d-\u0421\u0438\u043c\u0438\u045b \u041a. (2024). \u0422\u0440\u0430\u0434\u0438\u0446\u0438\u043e\u043d\u0430\u043b\u043d\u043e \u043f\u0435\u0432\u0430\u045a\u0435 \u043d\u0430 \u0410\u043a\u0430\u0434\u0435\u043c\u0438\u0458\u0438 \u0443\u043c\u0435\u0442\u043d\u043e\u0441\u0442\u0438 \u0443 \u041d\u043e\u0432\u043e\u043c \u0421\u0430\u0434\u0443. \u041d\u043e\u0432\u0438 \u0421\u0430\u0434: \u0423\u043d\u0438\u0432\u0435\u0440\u0437\u0438\u0442\u0435\u0442 \u0443 \u041d\u043e\u0432\u043e\u043c \u0421\u0430\u0434\u0443, \u0410\u043a\u0430\u0434\u0435\u043c\u0438\u0458\u0430 \u0443\u043c\u0435\u0442\u043d\u043e\u0441\u0442\u0438.<br \/><\/span><span lang=\"ro-RO\">5. Jurjovan Trandafir (1983). Folclor muzical Rom\u00e2nesc din Ovcea. Ovcea: Societatea cultural-artistic\u0103. \u201cSteaua\u201c.<br \/><\/span><span lang=\"ro-RO\">6. Kiralj E.(1958). \u201eO radu Muzikolo\u0161ke sekcije Vojvo\u0111anskog muzeja u Novom Sadu\u201c. Novi Sad: Rad Vojvo\u0111anskog muzeja, Novi Sad.<br \/><\/span><span lang=\"ro-RO\">7. Lelea I. (1995). Categorii func\u021bional-tematice \u0219i structurale ale folclorul iugoslav \u0219i rom\u00e2nesc. Novi Sad: Societatea de limba rom\u00e2n\u0103 din Voivodina. Republica Serbia.<br \/><\/span><span lang=\"ro-RO\">8. Ocoli\u0219an Baba I. (2013). Lexiconul soli\u0219tilor vocali \u0219i instrumenti\u0219ti al postului de Radio Novi Sad, radio Novi Sad la 60 de ani.Panciova: Editura Libertatea.<br \/><\/span><span lang=\"ro-RO\">9. Vasile, V.(2022). \u201cTrandafir Jurjovan\u201c. Cercet\u0103ri \u0219i studii, etno-muzicologie, bizantologie \u0219i etnologie, Nr.5 (1\/2022). Timi\u0219oara: Asocia\u021bia pentru cultur\u0103 B\u0103n\u0103\u021bean\u0103. 7-18<\/span><\/p>\n<p>[\/et_pb_text][\/et_pb_column][et_pb_column type=&#8221;1_3&#8243; _builder_version=&#8221;4.27.4&#8243; _module_preset=&#8221;default&#8221; background_color=&#8221;#FFFFFF&#8221; custom_padding=&#8221;16px|16px|16px|16px|false|false&#8221; border_radii=&#8221;on|8px|8px|8px|8px&#8221; global_colors_info=&#8221;{}&#8221; theme_builder_area=&#8221;post_content&#8221;][et_pb_button button_url=&#8221;https:\/\/cs-embe.ro\/wp-content\/uploads\/2025\/12\/CSEMBE-2025-3.pdf&#8221; button_text=&#8221;Articol PDF&#8221; _builder_version=&#8221;4.27.5&#8243; _module_preset=&#8221;default&#8221; hover_enabled=&#8221;0&#8243; global_colors_info=&#8221;{}&#8221; theme_builder_area=&#8221;post_content&#8221; sticky_enabled=&#8221;0&#8243;][\/et_pb_button][et_pb_text _builder_version=&#8221;4.27.4&#8243; _module_preset=&#8221;default&#8221; global_colors_info=&#8221;{}&#8221; theme_builder_area=&#8221;post_content&#8221;]<\/p>\n<p><strong>Published:<br \/><\/strong>01.11.2025<strong><\/strong><\/p>\n<p>[\/et_pb_text][et_pb_text _builder_version=&#8221;4.27.4&#8243; _module_preset=&#8221;default&#8221; custom_margin=&#8221;||8px||false|false&#8221; custom_padding=&#8221;||||false|false&#8221; global_colors_info=&#8221;{}&#8221; theme_builder_area=&#8221;post_content&#8221;]<\/p>\n<p><strong>License:<\/strong><strong><\/strong><\/p>\n<p>[\/et_pb_text][et_pb_image src=&#8221;https:\/\/cs-embe.ro\/wp-content\/uploads\/2025\/04\/CC_logomark2.svg&#8221; title_text=&#8221;CC_logomark2&#8243; _builder_version=&#8221;4.27.4&#8243; _module_preset=&#8221;default&#8221; max_width=&#8221;50%&#8221; global_colors_info=&#8221;{}&#8221; theme_builder_area=&#8221;post_content&#8221;][\/et_pb_image][et_pb_text _builder_version=&#8221;4.27.4&#8243; _module_preset=&#8221;default&#8221; global_colors_info=&#8221;{}&#8221; theme_builder_area=&#8221;post_content&#8221;]<\/p>\n<p>This work is licensed under a <a href=\"https:\/\/creativecommons.org\/licenses\/by\/4.0\/\" target=\"_blank\" rel=\"noopener\"><span style=\"text-decoration: underline;\">Creative Commons Attribution 4.0 International License.<\/span><\/a><\/p>\n<p>[\/et_pb_text][et_pb_text _builder_version=&#8221;4.27.4&#8243; _module_preset=&#8221;default&#8221; global_colors_info=&#8221;{}&#8221; theme_builder_area=&#8221;post_content&#8221;]<\/p>\n<p>This work is licensed under a <span style=\"text-decoration: underline;\"><a href=\"http:\/\/creativecommons.org\/licenses\/by\/4.0\/\" target=\"_blank\" rel=\"noopener\">CC BY Creative Commons Attribution 4.0 International License<\/a><\/span>, which permits any use, reproduction, distribution, self-archiving and citation of the work as long as the authors are credited. The complete bibliographical data of <em>Symbolon<\/em> Journal must also be indicated, which you can find in the <em>How to cite<\/em> section on this page. If possible, please also place a link leading to the original publication. Copyright of articles belongs to the authors.<\/p>\n<p>[\/et_pb_text][\/et_pb_column][\/et_pb_row][\/et_pb_section]<\/p>\n","protected":false},"excerpt":{"rendered":"<p>Kristina PLANJANIN-SIMI\u0106, Aleksandar ANTUNOVI\u0106: On the trail of ethnomusicological research of Trandafir JurjovanDOI: 10.63702\/csembe.2025.1.8.03Cuvinte cheie: Trandafir \u017dur\u017eovan (Trandafir Jurjovan); Museum of Vojvodina; Romanian traditional music; ethnomusicological research;Abstract: \u0422he traditional songs and melodies recorded at the begining of the sixth decades of 20 th century as the result of the Folklore department-the division of Ethnology Department [&hellip;]<\/p>\n","protected":false},"author":1,"featured_media":0,"parent":0,"menu_order":0,"comment_status":"closed","ping_status":"closed","template":"","meta":{"_et_pb_use_builder":"on","_et_pb_old_content":"","_et_gb_content_width":"","footnotes":""},"class_list":["post-2260","page","type-page","status-publish","hentry"],"yoast_head":"<!-- This site is optimized with the Yoast SEO plugin v26.8 - https:\/\/yoast.com\/product\/yoast-seo-wordpress\/ -->\n<title>Kristina PLANJANIN-SIMI\u0106, Aleksandar ANTUNOVI\u0106 - On the trail of ethnomusicological research of Trandafir Jurjovan | Cercet\u0103ri \u0219i studii<\/title>\n<meta name=\"description\" content=\"\u0422he traditional songs and melodies recorded at the begining of the sixth decades of 20 th century as the result of the Folklore department-the division of Ethnology Department of the Museum of Vojvodina and its collaborators Trandafira \u017dur\u017eovana (Trandafir Jurjovan) and Erne Kiralja (Ern\u0151 Kir\u00e1ly), had remained known to the professional public in a very small part. Snimci tradicionalnih pesama i melodija na\u010dinjenih na ...\" \/>\n<meta name=\"robots\" content=\"index, follow, max-snippet:-1, max-image-preview:large, max-video-preview:-1\" \/>\n<link rel=\"canonical\" href=\"https:\/\/cs-embe.ro\/en\/nr-8-1-2025-03\/\" \/>\n<meta property=\"og:locale\" content=\"en_US\" \/>\n<meta property=\"og:type\" content=\"article\" \/>\n<meta property=\"og:title\" content=\"Kristina PLANJANIN-SIMI\u0106, Aleksandar ANTUNOVI\u0106 - On the trail of ethnomusicological research of Trandafir Jurjovan | Cercet\u0103ri \u0219i studii\" \/>\n<meta property=\"og:description\" content=\"\u0422he traditional songs and melodies recorded at the begining of the sixth decades of 20 th century as the result of the Folklore department-the division of Ethnology Department of the Museum of Vojvodina and its collaborators Trandafira \u017dur\u017eovana (Trandafir Jurjovan) and Erne Kiralja (Ern\u0151 Kir\u00e1ly), had remained known to the professional public in a very small part. Snimci tradicionalnih pesama i melodija na\u010dinjenih na ...\" \/>\n<meta property=\"og:url\" content=\"https:\/\/cs-embe.ro\/en\/nr-8-1-2025-03\/\" \/>\n<meta property=\"og:site_name\" content=\"Cercet\u0103ri \u0219i studii\" \/>\n<meta property=\"article:modified_time\" content=\"2025-12-06T20:41:42+00:00\" \/>\n<meta property=\"og:image\" content=\"https:\/\/cs-embe.ro\/wp-content\/uploads\/2023\/03\/logo-acb-negru-3-limbi_var1-1.png\" \/>\n\t<meta property=\"og:image:width\" content=\"340\" \/>\n\t<meta property=\"og:image:height\" content=\"183\" \/>\n\t<meta property=\"og:image:type\" content=\"image\/png\" \/>\n<meta name=\"twitter:card\" content=\"summary_large_image\" \/>\n<script type=\"application\/ld+json\" class=\"yoast-schema-graph\">{\"@context\":\"https:\/\/schema.org\",\"@graph\":[{\"@type\":\"WebPage\",\"@id\":\"https:\/\/cs-embe.ro\/en\/nr-8-1-2025-03\/\",\"url\":\"https:\/\/cs-embe.ro\/en\/nr-8-1-2025-03\/\",\"name\":\"Kristina PLANJANIN-SIMI\u0106, Aleksandar ANTUNOVI\u0106 - On the trail of ethnomusicological research of Trandafir Jurjovan | Cercet\u0103ri \u0219i studii\",\"isPartOf\":{\"@id\":\"https:\/\/cs-embe.ro\/#website\"},\"datePublished\":\"2025-11-01T12:51:43+00:00\",\"dateModified\":\"2025-12-06T20:41:42+00:00\",\"description\":\"\u0422he traditional songs and melodies recorded at the begining of the sixth decades of 20 th century as the result of the Folklore department-the division of Ethnology Department of the Museum of Vojvodina and its collaborators Trandafira \u017dur\u017eovana (Trandafir Jurjovan) and Erne Kiralja (Ern\u0151 Kir\u00e1ly), had remained known to the professional public in a very small part. Snimci tradicionalnih pesama i melodija na\u010dinjenih na ...\",\"breadcrumb\":{\"@id\":\"https:\/\/cs-embe.ro\/en\/nr-8-1-2025-03\/#breadcrumb\"},\"inLanguage\":\"en-US\",\"potentialAction\":[{\"@type\":\"ReadAction\",\"target\":[\"https:\/\/cs-embe.ro\/en\/nr-8-1-2025-03\/\"]}]},{\"@type\":\"BreadcrumbList\",\"@id\":\"https:\/\/cs-embe.ro\/en\/nr-8-1-2025-03\/#breadcrumb\",\"itemListElement\":[{\"@type\":\"ListItem\",\"position\":1,\"name\":\"Home\",\"item\":\"https:\/\/cs-embe.ro\/en\/\"},{\"@type\":\"ListItem\",\"position\":2,\"name\":\"Kristina PLANJANIN-SIMI\u0106, Aleksandar ANTUNOVI\u0106 &#8211; On the trail of ethnomusicological research of Trandafir Jurjovan\"}]},{\"@type\":\"WebSite\",\"@id\":\"https:\/\/cs-embe.ro\/#website\",\"url\":\"https:\/\/cs-embe.ro\/\",\"name\":\"Cercet\u0103ri \u0219i studii. Etno-muzicologie, bizantinologie \u0219i etnologie\",\"description\":\"Cercet\u0103ri \u0219i studii etno-muzicologice, bizantinologice \u0219i etnologice\",\"publisher\":{\"@id\":\"https:\/\/cs-embe.ro\/#organization\"},\"potentialAction\":[{\"@type\":\"SearchAction\",\"target\":{\"@type\":\"EntryPoint\",\"urlTemplate\":\"https:\/\/cs-embe.ro\/?s={search_term_string}\"},\"query-input\":{\"@type\":\"PropertyValueSpecification\",\"valueRequired\":true,\"valueName\":\"search_term_string\"}}],\"inLanguage\":\"en-US\"},{\"@type\":\"Organization\",\"@id\":\"https:\/\/cs-embe.ro\/#organization\",\"name\":\"Asocia\u021bia pentru Cultur\u0103 Ban\u0103\u021bean\u0103\",\"url\":\"https:\/\/cs-embe.ro\/\",\"logo\":{\"@type\":\"ImageObject\",\"inLanguage\":\"en-US\",\"@id\":\"https:\/\/cs-embe.ro\/#\/schema\/logo\/image\/\",\"url\":\"https:\/\/cs-embe.ro\/wp-content\/uploads\/2023\/03\/logo-acb-negru-3-limbi_var1-1.png\",\"contentUrl\":\"https:\/\/cs-embe.ro\/wp-content\/uploads\/2023\/03\/logo-acb-negru-3-limbi_var1-1.png\",\"width\":340,\"height\":183,\"caption\":\"Asocia\u021bia pentru Cultur\u0103 Ban\u0103\u021bean\u0103\"},\"image\":{\"@id\":\"https:\/\/cs-embe.ro\/#\/schema\/logo\/image\/\"}}]}<\/script>\n<!-- \/ Yoast SEO plugin. -->","yoast_head_json":{"title":"Kristina PLANJANIN-SIMI\u0106, Aleksandar ANTUNOVI\u0106 - On the trail of ethnomusicological research of Trandafir Jurjovan | Cercet\u0103ri \u0219i studii","description":"\u0422he traditional songs and melodies recorded at the begining of the sixth decades of 20 th century as the result of the Folklore department-the division of Ethnology Department of the Museum of Vojvodina and its collaborators Trandafira \u017dur\u017eovana (Trandafir Jurjovan) and Erne Kiralja (Ern\u0151 Kir\u00e1ly), had remained known to the professional public in a very small part. Snimci tradicionalnih pesama i melodija na\u010dinjenih na ...","robots":{"index":"index","follow":"follow","max-snippet":"max-snippet:-1","max-image-preview":"max-image-preview:large","max-video-preview":"max-video-preview:-1"},"canonical":"https:\/\/cs-embe.ro\/en\/nr-8-1-2025-03\/","og_locale":"en_US","og_type":"article","og_title":"Kristina PLANJANIN-SIMI\u0106, Aleksandar ANTUNOVI\u0106 - On the trail of ethnomusicological research of Trandafir Jurjovan | Cercet\u0103ri \u0219i studii","og_description":"\u0422he traditional songs and melodies recorded at the begining of the sixth decades of 20 th century as the result of the Folklore department-the division of Ethnology Department of the Museum of Vojvodina and its collaborators Trandafira \u017dur\u017eovana (Trandafir Jurjovan) and Erne Kiralja (Ern\u0151 Kir\u00e1ly), had remained known to the professional public in a very small part. Snimci tradicionalnih pesama i melodija na\u010dinjenih na ...","og_url":"https:\/\/cs-embe.ro\/en\/nr-8-1-2025-03\/","og_site_name":"Cercet\u0103ri \u0219i studii","article_modified_time":"2025-12-06T20:41:42+00:00","og_image":[{"width":340,"height":183,"url":"https:\/\/cs-embe.ro\/wp-content\/uploads\/2023\/03\/logo-acb-negru-3-limbi_var1-1.png","type":"image\/png"}],"twitter_card":"summary_large_image","schema":{"@context":"https:\/\/schema.org","@graph":[{"@type":"WebPage","@id":"https:\/\/cs-embe.ro\/en\/nr-8-1-2025-03\/","url":"https:\/\/cs-embe.ro\/en\/nr-8-1-2025-03\/","name":"Kristina PLANJANIN-SIMI\u0106, Aleksandar ANTUNOVI\u0106 - On the trail of ethnomusicological research of Trandafir Jurjovan | Cercet\u0103ri \u0219i studii","isPartOf":{"@id":"https:\/\/cs-embe.ro\/#website"},"datePublished":"2025-11-01T12:51:43+00:00","dateModified":"2025-12-06T20:41:42+00:00","description":"\u0422he traditional songs and melodies recorded at the begining of the sixth decades of 20 th century as the result of the Folklore department-the division of Ethnology Department of the Museum of Vojvodina and its collaborators Trandafira \u017dur\u017eovana (Trandafir Jurjovan) and Erne Kiralja (Ern\u0151 Kir\u00e1ly), had remained known to the professional public in a very small part. Snimci tradicionalnih pesama i melodija na\u010dinjenih na ...","breadcrumb":{"@id":"https:\/\/cs-embe.ro\/en\/nr-8-1-2025-03\/#breadcrumb"},"inLanguage":"en-US","potentialAction":[{"@type":"ReadAction","target":["https:\/\/cs-embe.ro\/en\/nr-8-1-2025-03\/"]}]},{"@type":"BreadcrumbList","@id":"https:\/\/cs-embe.ro\/en\/nr-8-1-2025-03\/#breadcrumb","itemListElement":[{"@type":"ListItem","position":1,"name":"Home","item":"https:\/\/cs-embe.ro\/en\/"},{"@type":"ListItem","position":2,"name":"Kristina PLANJANIN-SIMI\u0106, Aleksandar ANTUNOVI\u0106 &#8211; On the trail of ethnomusicological research of Trandafir Jurjovan"}]},{"@type":"WebSite","@id":"https:\/\/cs-embe.ro\/#website","url":"https:\/\/cs-embe.ro\/","name":"Cercet\u0103ri \u0219i studii. Etno-muzicologie, bizantinologie \u0219i etnologie","description":"Cercet\u0103ri \u0219i studii etno-muzicologice, bizantinologice \u0219i etnologice","publisher":{"@id":"https:\/\/cs-embe.ro\/#organization"},"potentialAction":[{"@type":"SearchAction","target":{"@type":"EntryPoint","urlTemplate":"https:\/\/cs-embe.ro\/?s={search_term_string}"},"query-input":{"@type":"PropertyValueSpecification","valueRequired":true,"valueName":"search_term_string"}}],"inLanguage":"en-US"},{"@type":"Organization","@id":"https:\/\/cs-embe.ro\/#organization","name":"Asocia\u021bia pentru Cultur\u0103 Ban\u0103\u021bean\u0103","url":"https:\/\/cs-embe.ro\/","logo":{"@type":"ImageObject","inLanguage":"en-US","@id":"https:\/\/cs-embe.ro\/#\/schema\/logo\/image\/","url":"https:\/\/cs-embe.ro\/wp-content\/uploads\/2023\/03\/logo-acb-negru-3-limbi_var1-1.png","contentUrl":"https:\/\/cs-embe.ro\/wp-content\/uploads\/2023\/03\/logo-acb-negru-3-limbi_var1-1.png","width":340,"height":183,"caption":"Asocia\u021bia pentru Cultur\u0103 Ban\u0103\u021bean\u0103"},"image":{"@id":"https:\/\/cs-embe.ro\/#\/schema\/logo\/image\/"}}]}},"_links":{"self":[{"href":"https:\/\/cs-embe.ro\/en\/wp-json\/wp\/v2\/pages\/2260","targetHints":{"allow":["GET"]}}],"collection":[{"href":"https:\/\/cs-embe.ro\/en\/wp-json\/wp\/v2\/pages"}],"about":[{"href":"https:\/\/cs-embe.ro\/en\/wp-json\/wp\/v2\/types\/page"}],"author":[{"embeddable":true,"href":"https:\/\/cs-embe.ro\/en\/wp-json\/wp\/v2\/users\/1"}],"replies":[{"embeddable":true,"href":"https:\/\/cs-embe.ro\/en\/wp-json\/wp\/v2\/comments?post=2260"}],"version-history":[{"count":0,"href":"https:\/\/cs-embe.ro\/en\/wp-json\/wp\/v2\/pages\/2260\/revisions"}],"wp:attachment":[{"href":"https:\/\/cs-embe.ro\/en\/wp-json\/wp\/v2\/media?parent=2260"}],"curies":[{"name":"wp","href":"https:\/\/api.w.org\/{rel}","templated":true}]}}