{"id":2265,"date":"2025-11-01T17:07:59","date_gmt":"2025-11-01T15:07:59","guid":{"rendered":"https:\/\/cs-embe.ro\/liviu-florin-butiu-the-violin-with-horn-as-a-musical-instrument-included-in-the-cultural-heritage-list-and-the-violin-with-horn-festival-competition-in-rosia-de-bihor-2013-2025\/"},"modified":"2025-12-06T22:41:34","modified_gmt":"2025-12-06T20:41:34","slug":"nr-8-1-2025-04","status":"publish","type":"page","link":"https:\/\/cs-embe.ro\/en\/nr-8-1-2025-04\/","title":{"rendered":"Liviu Florin BU\u021aIU &#8211; The violin with horn as a musical instrument included in the cultural heritage list and the Violin with horn festival \u2013 competition in Ro\u0219ia de Bihor 2013-2025"},"content":{"rendered":"<p>[et_pb_section fb_built=&#8221;1&#8243; _builder_version=&#8221;4.21.0&#8243; _module_preset=&#8221;default&#8221; background_enable_color=&#8221;off&#8221; background_image=&#8221;http:\/\/cs-embe.ro\/wp-content\/uploads\/2023\/03\/paper.jpg&#8221; custom_padding=&#8221;||0px||false|false&#8221; animation_style=&#8221;fade&#8221; global_colors_info=&#8221;{}&#8221; theme_builder_area=&#8221;post_content&#8221;][et_pb_row column_structure=&#8221;2_3,1_3&#8243; _builder_version=&#8221;4.27.4&#8243; _module_preset=&#8221;default&#8221; custom_padding=&#8221;||80px||false|false&#8221; global_colors_info=&#8221;{}&#8221; theme_builder_area=&#8221;post_content&#8221;][et_pb_column type=&#8221;2_3&#8243; _builder_version=&#8221;4.21.0&#8243; _module_preset=&#8221;default&#8221; global_colors_info=&#8221;{}&#8221; theme_builder_area=&#8221;post_content&#8221;][et_pb_text _builder_version=&#8221;4.27.5&#8243; _module_preset=&#8221;default&#8221; hover_enabled=&#8221;0&#8243; global_colors_info=&#8221;{}&#8221; theme_builder_area=&#8221;post_content&#8221; sticky_enabled=&#8221;0&#8243;]<\/p>\n<p><b>Liviu Florin BU\u021aIU<\/b><span lang=\"ro-RO\">: The violin with horn as a musical instrument included in the cultural heritage list and the Violin with horn festival \u2013 competition in Ro\u0219ia de Bihor 2013-2025<\/span><\/p>\n<p>[\/et_pb_text][et_pb_text _builder_version=&#8221;4.27.5&#8243; _module_preset=&#8221;default&#8221; hover_enabled=&#8221;0&#8243; global_colors_info=&#8221;{}&#8221; theme_builder_area=&#8221;post_content&#8221; sticky_enabled=&#8221;0&#8243;]<\/p>\n<p><strong>DOI: 10.63702\/csembe.2025.1.8.04<\/strong><\/p>\n<p>[\/et_pb_text][et_pb_text _builder_version=&#8221;4.27.5&#8243; _module_preset=&#8221;default&#8221; hover_enabled=&#8221;0&#8243; global_colors_info=&#8221;{}&#8221; theme_builder_area=&#8221;post_content&#8221; sticky_enabled=&#8221;0&#8243;]<\/p>\n<p><strong>Keywords:<\/strong> <span lang=\"it-IT\">Bihor Research; organology; Stroh violin; Heritage; interpretation;<\/span><\/p>\n<p>[\/et_pb_text][et_pb_text _builder_version=&#8221;4.27.4&#8243; _module_preset=&#8221;default&#8221; global_colors_info=&#8221;{}&#8221; theme_builder_area=&#8221;post_content&#8221;]<\/p>\n<p><strong>Abstract:<\/strong><\/p>\n<p><span lang=\"it-IT\">The horn violin is a musical instrument specific to the folkloric area of Bihor, made of wooden elements with various and different proportions, the gag, the tongue, the chin, the metal rope and composite materials. According to researchers, the horn violin appeared after the invention of the gramophone. The device used the principle of capturing and recording sound vibrations on wax cylinders. The gramophone picked up sounds through a funnel and transmitted them to the resonant membrane. In the period between the two world wars, the horn violin entered the villages in the south of Bihor, along with the clarinet and drum, to mark a more pronounced dance rhythm. Systematic and consistent studies undertaken on the issue of the horned violin have determined its registration in the National Inventory of Living Elements of Intangible Cultural Heritage.<\/span><\/p>\n<p>[\/et_pb_text][et_pb_text _builder_version=&#8221;4.27.5&#8243; _module_preset=&#8221;default&#8221; global_colors_info=&#8221;{}&#8221; theme_builder_area=&#8221;post_content&#8221;]<\/p>\n<p><strong>References:<br \/><\/strong><\/p>\n<p><span lang=\"ro-RO\">1. Ro\u0219ca Lucian Emil, Folclor Instrumental din C\u00e2mpia Transilvaniei, Editura Muzical\u0103, Bucure\u015fti, 2006.<br \/><\/span><span lang=\"ro-RO\">2. Ro\u0219ca Lucian Emil, Nota\u0163ia Tradi\u0163ional\u0103 a Muzicii Folclorice din Perspectiva Istoric\u0103, \u00een Revista Cibinium 2012, Editura Astra Museum, Sibiu, 2012, p. 184<\/span><\/p>\n<p>[\/et_pb_text][\/et_pb_column][et_pb_column type=&#8221;1_3&#8243; _builder_version=&#8221;4.27.4&#8243; _module_preset=&#8221;default&#8221; background_color=&#8221;#FFFFFF&#8221; custom_padding=&#8221;16px|16px|16px|16px|false|false&#8221; border_radii=&#8221;on|8px|8px|8px|8px&#8221; global_colors_info=&#8221;{}&#8221; theme_builder_area=&#8221;post_content&#8221;][et_pb_button button_url=&#8221;https:\/\/cs-embe.ro\/wp-content\/uploads\/2025\/12\/CSEMBE-2025-4.pdf&#8221; button_text=&#8221;Articol PDF&#8221; _builder_version=&#8221;4.27.5&#8243; _module_preset=&#8221;default&#8221; hover_enabled=&#8221;0&#8243; global_colors_info=&#8221;{}&#8221; theme_builder_area=&#8221;post_content&#8221; sticky_enabled=&#8221;0&#8243;][\/et_pb_button][et_pb_text _builder_version=&#8221;4.27.4&#8243; _module_preset=&#8221;default&#8221; global_colors_info=&#8221;{}&#8221; theme_builder_area=&#8221;post_content&#8221;]<\/p>\n<p><strong>Data public\u0103rii:<br \/><\/strong>01.11.2025<strong><\/strong><\/p>\n<p>[\/et_pb_text][et_pb_text _builder_version=&#8221;4.27.4&#8243; _module_preset=&#8221;default&#8221; custom_margin=&#8221;||8px||false|false&#8221; custom_padding=&#8221;||||false|false&#8221; global_colors_info=&#8221;{}&#8221; theme_builder_area=&#8221;post_content&#8221;]<\/p>\n<p><strong>License:<\/strong><strong><\/strong><\/p>\n<p>[\/et_pb_text][et_pb_image src=&#8221;https:\/\/cs-embe.ro\/wp-content\/uploads\/2025\/04\/CC_logomark2.svg&#8221; title_text=&#8221;CC_logomark2&#8243; _builder_version=&#8221;4.27.4&#8243; _module_preset=&#8221;default&#8221; max_width=&#8221;50%&#8221; global_colors_info=&#8221;{}&#8221; theme_builder_area=&#8221;post_content&#8221;][\/et_pb_image][et_pb_text _builder_version=&#8221;4.27.4&#8243; _module_preset=&#8221;default&#8221; global_colors_info=&#8221;{}&#8221; theme_builder_area=&#8221;post_content&#8221;]<\/p>\n<p>This work is licensed under a <a href=\"https:\/\/creativecommons.org\/licenses\/by\/4.0\/\" target=\"_blank\" rel=\"noopener\"><span style=\"text-decoration: underline;\">Creative Commons Attribution 4.0 International License.<\/span><\/a><\/p>\n<p>[\/et_pb_text][et_pb_text _builder_version=&#8221;4.27.4&#8243; _module_preset=&#8221;default&#8221; global_colors_info=&#8221;{}&#8221; theme_builder_area=&#8221;post_content&#8221;]<\/p>\n<p>This work is licensed under a <span style=\"text-decoration: underline;\"><a href=\"http:\/\/creativecommons.org\/licenses\/by\/4.0\/\" target=\"_blank\" rel=\"noopener\">CC BY Creative Commons Attribution 4.0 International License<\/a><\/span>, which permits any use, reproduction, distribution, self-archiving and citation of the work as long as the authors are credited. The complete bibliographical data of <em>Symbolon<\/em> Journal must also be indicated, which you can find in the <em>How to cite<\/em> section on this page. If possible, please also place a link leading to the original publication. Copyright of articles belongs to the authors.<\/p>\n<p>[\/et_pb_text][\/et_pb_column][\/et_pb_row][\/et_pb_section]<\/p>\n","protected":false},"excerpt":{"rendered":"<p>Liviu Florin BU\u021aIU: The violin with horn as a musical instrument included in the cultural heritage list and the Violin with horn festival \u2013 competition in Ro\u0219ia de Bihor 2013-2025DOI: 10.63702\/csembe.2025.1.8.04Keywords: Bihor Research; organology; Stroh violin; Heritage; interpretation;Abstract: The horn violin is a musical instrument specific to the folkloric area of Bihor, made of wooden [&hellip;]<\/p>\n","protected":false},"author":1,"featured_media":0,"parent":0,"menu_order":0,"comment_status":"closed","ping_status":"closed","template":"","meta":{"_et_pb_use_builder":"on","_et_pb_old_content":"","_et_gb_content_width":"","footnotes":""},"class_list":["post-2265","page","type-page","status-publish","hentry"],"yoast_head":"<!-- This site is optimized with the Yoast SEO plugin v26.8 - https:\/\/yoast.com\/product\/yoast-seo-wordpress\/ -->\n<title>Liviu Florin BU\u021aIU - The violin with horn as a musical instrument included in the cultural heritage list and the Violin with horn festival \u2013 competition in Ro\u0219ia de Bihor 2013-2025 | Cercet\u0103ri \u0219i studii<\/title>\n<meta name=\"robots\" content=\"index, follow, max-snippet:-1, max-image-preview:large, max-video-preview:-1\" \/>\n<link rel=\"canonical\" href=\"https:\/\/cs-embe.ro\/en\/nr-8-1-2025-04\/\" \/>\n<meta property=\"og:locale\" content=\"en_US\" \/>\n<meta property=\"og:type\" content=\"article\" \/>\n<meta property=\"og:title\" content=\"Liviu Florin BU\u021aIU - The violin with horn as a musical instrument included in the cultural heritage list and the Violin with horn festival \u2013 competition in Ro\u0219ia de Bihor 2013-2025 | Cercet\u0103ri \u0219i studii\" \/>\n<meta property=\"og:url\" content=\"https:\/\/cs-embe.ro\/en\/nr-8-1-2025-04\/\" \/>\n<meta property=\"og:site_name\" content=\"Cercet\u0103ri \u0219i studii\" \/>\n<meta property=\"article:modified_time\" content=\"2025-12-06T20:41:34+00:00\" \/>\n<meta property=\"og:image\" content=\"https:\/\/cs-embe.ro\/wp-content\/uploads\/2023\/03\/logo-acb-negru-3-limbi_var1-1.png\" \/>\n\t<meta property=\"og:image:width\" content=\"340\" \/>\n\t<meta property=\"og:image:height\" content=\"183\" \/>\n\t<meta property=\"og:image:type\" content=\"image\/png\" \/>\n<meta name=\"twitter:card\" content=\"summary_large_image\" \/>\n<script type=\"application\/ld+json\" class=\"yoast-schema-graph\">{\"@context\":\"https:\/\/schema.org\",\"@graph\":[{\"@type\":\"WebPage\",\"@id\":\"https:\/\/cs-embe.ro\/en\/nr-8-1-2025-04\/\",\"url\":\"https:\/\/cs-embe.ro\/en\/nr-8-1-2025-04\/\",\"name\":\"Liviu Florin BU\u021aIU - The violin with horn as a musical instrument included in the cultural heritage list and the Violin with horn festival \u2013 competition in Ro\u0219ia de Bihor 2013-2025 | Cercet\u0103ri \u0219i studii\",\"isPartOf\":{\"@id\":\"https:\/\/cs-embe.ro\/#website\"},\"datePublished\":\"2025-11-01T15:07:59+00:00\",\"dateModified\":\"2025-12-06T20:41:34+00:00\",\"breadcrumb\":{\"@id\":\"https:\/\/cs-embe.ro\/en\/nr-8-1-2025-04\/#breadcrumb\"},\"inLanguage\":\"en-US\",\"potentialAction\":[{\"@type\":\"ReadAction\",\"target\":[\"https:\/\/cs-embe.ro\/en\/nr-8-1-2025-04\/\"]}]},{\"@type\":\"BreadcrumbList\",\"@id\":\"https:\/\/cs-embe.ro\/en\/nr-8-1-2025-04\/#breadcrumb\",\"itemListElement\":[{\"@type\":\"ListItem\",\"position\":1,\"name\":\"Home\",\"item\":\"https:\/\/cs-embe.ro\/en\/\"},{\"@type\":\"ListItem\",\"position\":2,\"name\":\"Liviu Florin BU\u021aIU &#8211; The violin with horn as a musical instrument included in the cultural heritage list and the Violin with horn festival \u2013 competition in Ro\u0219ia de Bihor 2013-2025\"}]},{\"@type\":\"WebSite\",\"@id\":\"https:\/\/cs-embe.ro\/#website\",\"url\":\"https:\/\/cs-embe.ro\/\",\"name\":\"Cercet\u0103ri \u0219i studii. Etno-muzicologie, bizantinologie \u0219i etnologie\",\"description\":\"Cercet\u0103ri \u0219i studii etno-muzicologice, bizantinologice \u0219i etnologice\",\"publisher\":{\"@id\":\"https:\/\/cs-embe.ro\/#organization\"},\"potentialAction\":[{\"@type\":\"SearchAction\",\"target\":{\"@type\":\"EntryPoint\",\"urlTemplate\":\"https:\/\/cs-embe.ro\/?s={search_term_string}\"},\"query-input\":{\"@type\":\"PropertyValueSpecification\",\"valueRequired\":true,\"valueName\":\"search_term_string\"}}],\"inLanguage\":\"en-US\"},{\"@type\":\"Organization\",\"@id\":\"https:\/\/cs-embe.ro\/#organization\",\"name\":\"Asocia\u021bia pentru Cultur\u0103 Ban\u0103\u021bean\u0103\",\"url\":\"https:\/\/cs-embe.ro\/\",\"logo\":{\"@type\":\"ImageObject\",\"inLanguage\":\"en-US\",\"@id\":\"https:\/\/cs-embe.ro\/#\/schema\/logo\/image\/\",\"url\":\"https:\/\/cs-embe.ro\/wp-content\/uploads\/2023\/03\/logo-acb-negru-3-limbi_var1-1.png\",\"contentUrl\":\"https:\/\/cs-embe.ro\/wp-content\/uploads\/2023\/03\/logo-acb-negru-3-limbi_var1-1.png\",\"width\":340,\"height\":183,\"caption\":\"Asocia\u021bia pentru Cultur\u0103 Ban\u0103\u021bean\u0103\"},\"image\":{\"@id\":\"https:\/\/cs-embe.ro\/#\/schema\/logo\/image\/\"}}]}<\/script>\n<!-- \/ Yoast SEO plugin. -->","yoast_head_json":{"title":"Liviu Florin BU\u021aIU - The violin with horn as a musical instrument included in the cultural heritage list and the Violin with horn festival \u2013 competition in Ro\u0219ia de Bihor 2013-2025 | Cercet\u0103ri \u0219i studii","robots":{"index":"index","follow":"follow","max-snippet":"max-snippet:-1","max-image-preview":"max-image-preview:large","max-video-preview":"max-video-preview:-1"},"canonical":"https:\/\/cs-embe.ro\/en\/nr-8-1-2025-04\/","og_locale":"en_US","og_type":"article","og_title":"Liviu Florin BU\u021aIU - The violin with horn as a musical instrument included in the cultural heritage list and the Violin with horn festival \u2013 competition in Ro\u0219ia de Bihor 2013-2025 | Cercet\u0103ri \u0219i studii","og_url":"https:\/\/cs-embe.ro\/en\/nr-8-1-2025-04\/","og_site_name":"Cercet\u0103ri \u0219i studii","article_modified_time":"2025-12-06T20:41:34+00:00","og_image":[{"width":340,"height":183,"url":"https:\/\/cs-embe.ro\/wp-content\/uploads\/2023\/03\/logo-acb-negru-3-limbi_var1-1.png","type":"image\/png"}],"twitter_card":"summary_large_image","schema":{"@context":"https:\/\/schema.org","@graph":[{"@type":"WebPage","@id":"https:\/\/cs-embe.ro\/en\/nr-8-1-2025-04\/","url":"https:\/\/cs-embe.ro\/en\/nr-8-1-2025-04\/","name":"Liviu Florin BU\u021aIU - The violin with horn as a musical instrument included in the cultural heritage list and the Violin with horn festival \u2013 competition in Ro\u0219ia de Bihor 2013-2025 | Cercet\u0103ri \u0219i studii","isPartOf":{"@id":"https:\/\/cs-embe.ro\/#website"},"datePublished":"2025-11-01T15:07:59+00:00","dateModified":"2025-12-06T20:41:34+00:00","breadcrumb":{"@id":"https:\/\/cs-embe.ro\/en\/nr-8-1-2025-04\/#breadcrumb"},"inLanguage":"en-US","potentialAction":[{"@type":"ReadAction","target":["https:\/\/cs-embe.ro\/en\/nr-8-1-2025-04\/"]}]},{"@type":"BreadcrumbList","@id":"https:\/\/cs-embe.ro\/en\/nr-8-1-2025-04\/#breadcrumb","itemListElement":[{"@type":"ListItem","position":1,"name":"Home","item":"https:\/\/cs-embe.ro\/en\/"},{"@type":"ListItem","position":2,"name":"Liviu Florin BU\u021aIU &#8211; The violin with horn as a musical instrument included in the cultural heritage list and the Violin with horn festival \u2013 competition in Ro\u0219ia de Bihor 2013-2025"}]},{"@type":"WebSite","@id":"https:\/\/cs-embe.ro\/#website","url":"https:\/\/cs-embe.ro\/","name":"Cercet\u0103ri \u0219i studii. Etno-muzicologie, bizantinologie \u0219i etnologie","description":"Cercet\u0103ri \u0219i studii etno-muzicologice, bizantinologice \u0219i etnologice","publisher":{"@id":"https:\/\/cs-embe.ro\/#organization"},"potentialAction":[{"@type":"SearchAction","target":{"@type":"EntryPoint","urlTemplate":"https:\/\/cs-embe.ro\/?s={search_term_string}"},"query-input":{"@type":"PropertyValueSpecification","valueRequired":true,"valueName":"search_term_string"}}],"inLanguage":"en-US"},{"@type":"Organization","@id":"https:\/\/cs-embe.ro\/#organization","name":"Asocia\u021bia pentru Cultur\u0103 Ban\u0103\u021bean\u0103","url":"https:\/\/cs-embe.ro\/","logo":{"@type":"ImageObject","inLanguage":"en-US","@id":"https:\/\/cs-embe.ro\/#\/schema\/logo\/image\/","url":"https:\/\/cs-embe.ro\/wp-content\/uploads\/2023\/03\/logo-acb-negru-3-limbi_var1-1.png","contentUrl":"https:\/\/cs-embe.ro\/wp-content\/uploads\/2023\/03\/logo-acb-negru-3-limbi_var1-1.png","width":340,"height":183,"caption":"Asocia\u021bia pentru Cultur\u0103 Ban\u0103\u021bean\u0103"},"image":{"@id":"https:\/\/cs-embe.ro\/#\/schema\/logo\/image\/"}}]}},"_links":{"self":[{"href":"https:\/\/cs-embe.ro\/en\/wp-json\/wp\/v2\/pages\/2265","targetHints":{"allow":["GET"]}}],"collection":[{"href":"https:\/\/cs-embe.ro\/en\/wp-json\/wp\/v2\/pages"}],"about":[{"href":"https:\/\/cs-embe.ro\/en\/wp-json\/wp\/v2\/types\/page"}],"author":[{"embeddable":true,"href":"https:\/\/cs-embe.ro\/en\/wp-json\/wp\/v2\/users\/1"}],"replies":[{"embeddable":true,"href":"https:\/\/cs-embe.ro\/en\/wp-json\/wp\/v2\/comments?post=2265"}],"version-history":[{"count":0,"href":"https:\/\/cs-embe.ro\/en\/wp-json\/wp\/v2\/pages\/2265\/revisions"}],"wp:attachment":[{"href":"https:\/\/cs-embe.ro\/en\/wp-json\/wp\/v2\/media?parent=2265"}],"curies":[{"name":"wp","href":"https:\/\/api.w.org\/{rel}","templated":true}]}}