{"id":2270,"date":"2025-11-01T17:20:27","date_gmt":"2025-11-01T15:20:27","guid":{"rendered":"https:\/\/cs-embe.ro\/lucian-emil-rosca-musical-folklore-of-the-aromanians-community-in-albania-ethnomusicology-research\/"},"modified":"2025-12-06T22:41:27","modified_gmt":"2025-12-06T20:41:27","slug":"nr-8-1-2025-05","status":"publish","type":"page","link":"https:\/\/cs-embe.ro\/en\/nr-8-1-2025-05\/","title":{"rendered":"Lucian Emil RO\u0218CA &#8211; Musical folklore of the Aromanians community in Albania \u2013 ethnomusicology research"},"content":{"rendered":"<p>[et_pb_section fb_built=&#8221;1&#8243; _builder_version=&#8221;4.21.0&#8243; _module_preset=&#8221;default&#8221; background_enable_color=&#8221;off&#8221; background_image=&#8221;http:\/\/cs-embe.ro\/wp-content\/uploads\/2023\/03\/paper.jpg&#8221; custom_padding=&#8221;||0px||false|false&#8221; animation_style=&#8221;fade&#8221; global_colors_info=&#8221;{}&#8221; theme_builder_area=&#8221;post_content&#8221;][et_pb_row column_structure=&#8221;2_3,1_3&#8243; _builder_version=&#8221;4.27.4&#8243; _module_preset=&#8221;default&#8221; custom_padding=&#8221;||80px||false|false&#8221; global_colors_info=&#8221;{}&#8221; theme_builder_area=&#8221;post_content&#8221;][et_pb_column type=&#8221;2_3&#8243; _builder_version=&#8221;4.21.0&#8243; _module_preset=&#8221;default&#8221; global_colors_info=&#8221;{}&#8221; theme_builder_area=&#8221;post_content&#8221;][et_pb_text _builder_version=&#8221;4.27.5&#8243; _module_preset=&#8221;default&#8221; global_colors_info=&#8221;{}&#8221; theme_builder_area=&#8221;post_content&#8221;]<\/p>\n<p><strong>Lucian Emil RO\u0218CA:<\/strong> Musical folklore of the Aromanians community in Albania \u2013 ethnomusicology research<\/p>\n<p>[\/et_pb_text][et_pb_text _builder_version=&#8221;4.27.5&#8243; _module_preset=&#8221;default&#8221; hover_enabled=&#8221;0&#8243; global_colors_info=&#8221;{}&#8221; theme_builder_area=&#8221;post_content&#8221; sticky_enabled=&#8221;0&#8243;]<\/p>\n<p><strong>DOI: 10.63702\/csembe.2025.1.8.05<\/strong><\/p>\n<p>[\/et_pb_text][et_pb_text _builder_version=&#8221;4.27.5&#8243; _module_preset=&#8221;default&#8221; hover_enabled=&#8221;0&#8243; global_colors_info=&#8221;{}&#8221; theme_builder_area=&#8221;post_content&#8221; sticky_enabled=&#8221;0&#8243;]<\/p>\n<p><strong>Keywords:<\/strong><span lang=\"it-IT\"> Research; Albania, Ethnomusicology; Particularities; Traditional;<\/span><\/p>\n<p>[\/et_pb_text][et_pb_text _builder_version=&#8221;4.27.4&#8243; _module_preset=&#8221;default&#8221; global_colors_info=&#8221;{}&#8221; theme_builder_area=&#8221;post_content&#8221;]<\/p>\n<p><strong>Abstract:<\/strong><\/p>\n<p><span lang=\"ro-RO\">THE SOUND RESTITUTION AND TRADITIONAL INTERPRE-TATIONS FROM THE ROMANIAN VILLAGE \u2013 represents an ambitious project, first started by me in 2023 and aims to present the common sonority of Romanian and Aromanian music. <\/span><span lang=\"it-IT\">The proposed approach was based on the research, evaluation and collection of traditional vocal and instrumental musical folklore representative of the Aromanian community in Albania. The trip was made possible by The Banat Culture Association in partnership with the \u2019\u2019Harriet Martineau\u2019\u2019 Foundation in Tirana and the Faculty of Music and Theater in Timi\u0219oara as an academic partner. The research represented, in a first stage, the identification, as far as possible, of vocal groups, traditional instrumental music, cultural diversity, and common musical particularities.<\/span><\/p>\n<p>[\/et_pb_text][et_pb_text _builder_version=&#8221;4.27.5&#8243; _module_preset=&#8221;default&#8221; global_colors_info=&#8221;{}&#8221; theme_builder_area=&#8221;post_content&#8221;]<\/p>\n<p><strong>References:<br \/><\/strong><\/p>\n<p><span lang=\"ro-RO\">1. Datcu, I. (2006) Dic\u021bionarul etnologilor rom\u00e2ni, Bucure\u0219ti, Rom\u00e2nia: Editura Saeculum I.O. <br \/><\/span><span lang=\"ro-RO\">2. Marcu, G. (1958) C\u00eentecele polifonice arom\u00eene \u00een: Revista de Folclor, tomul 3, nr. 2, <br \/><\/span><span lang=\"ro-RO\">3. Marcu, G. (1968) Un sistem identic de execu\u021bie polifonic\u0103 a c\u00eentecelor populare, \u00eent\u00e2lnit la unele popoare din Peninsula Balcanic\u0103 \u00een: Revista de Etnografie \u0219i Folclor, tomul 13, nr. 6, Bucure\u0219ti, Rom\u00e2nia <br \/><\/span><span lang=\"ro-RO\">4. \u0162\u00e2rcomnicu, E. (2002) Identitate rom\u00e2neasc\u0103 sud-dun\u0103rean\u0103: Arom\u00e2nii din Dobrogea: s\u0103rb\u0103tori, obiceiuri, credin\u021be, cultur\u0103 \u0219i via\u021b\u0103 comunitar\u0103, Bucure\u0219ti, Rom\u00e2nia: Editura Etnologic\u0103<\/span><\/p>\n<p>[\/et_pb_text][\/et_pb_column][et_pb_column type=&#8221;1_3&#8243; _builder_version=&#8221;4.27.4&#8243; _module_preset=&#8221;default&#8221; background_color=&#8221;#FFFFFF&#8221; custom_padding=&#8221;16px|16px|16px|16px|false|false&#8221; border_radii=&#8221;on|8px|8px|8px|8px&#8221; global_colors_info=&#8221;{}&#8221; theme_builder_area=&#8221;post_content&#8221;][et_pb_button button_url=&#8221;https:\/\/cs-embe.ro\/wp-content\/uploads\/2025\/12\/CSEMBE-2025-5.pdf&#8221; button_text=&#8221;Articol PDF&#8221; _builder_version=&#8221;4.27.5&#8243; _module_preset=&#8221;default&#8221; hover_enabled=&#8221;0&#8243; global_colors_info=&#8221;{}&#8221; theme_builder_area=&#8221;post_content&#8221; sticky_enabled=&#8221;0&#8243;][\/et_pb_button][et_pb_text _builder_version=&#8221;4.27.4&#8243; _module_preset=&#8221;default&#8221; global_colors_info=&#8221;{}&#8221; theme_builder_area=&#8221;post_content&#8221;]<\/p>\n<p><strong>Published:<br \/><\/strong>01.11.2025<strong><\/strong><\/p>\n<p>[\/et_pb_text][et_pb_text _builder_version=&#8221;4.27.4&#8243; _module_preset=&#8221;default&#8221; custom_margin=&#8221;||8px||false|false&#8221; custom_padding=&#8221;||||false|false&#8221; global_colors_info=&#8221;{}&#8221; theme_builder_area=&#8221;post_content&#8221;]<\/p>\n<p><strong>License:<\/strong><strong><\/strong><\/p>\n<p>[\/et_pb_text][et_pb_image src=&#8221;https:\/\/cs-embe.ro\/wp-content\/uploads\/2025\/04\/CC_logomark2.svg&#8221; title_text=&#8221;CC_logomark2&#8243; _builder_version=&#8221;4.27.4&#8243; _module_preset=&#8221;default&#8221; max_width=&#8221;50%&#8221; global_colors_info=&#8221;{}&#8221; theme_builder_area=&#8221;post_content&#8221;][\/et_pb_image][et_pb_text _builder_version=&#8221;4.27.4&#8243; _module_preset=&#8221;default&#8221; global_colors_info=&#8221;{}&#8221; theme_builder_area=&#8221;post_content&#8221;]<\/p>\n<p>This work is licensed under a <a href=\"https:\/\/creativecommons.org\/licenses\/by\/4.0\/\" target=\"_blank\" rel=\"noopener\"><span style=\"text-decoration: underline;\">Creative Commons Attribution 4.0 International License.<\/span><\/a><\/p>\n<p>[\/et_pb_text][et_pb_text _builder_version=&#8221;4.27.4&#8243; _module_preset=&#8221;default&#8221; global_colors_info=&#8221;{}&#8221; theme_builder_area=&#8221;post_content&#8221;]<\/p>\n<p>This work is licensed under a <span style=\"text-decoration: underline;\"><a href=\"http:\/\/creativecommons.org\/licenses\/by\/4.0\/\" target=\"_blank\" rel=\"noopener\">CC BY Creative Commons Attribution 4.0 International License<\/a><\/span>, which permits any use, reproduction, distribution, self-archiving and citation of the work as long as the authors are credited. The complete bibliographical data of <em>Symbolon<\/em> Journal must also be indicated, which you can find in the <em>How to cite<\/em> section on this page. If possible, please also place a link leading to the original publication. Copyright of articles belongs to the authors.<\/p>\n<p>[\/et_pb_text][\/et_pb_column][\/et_pb_row][\/et_pb_section]<\/p>\n","protected":false},"excerpt":{"rendered":"<p>Lucian Emil RO\u0218CA: Musical folklore of the Aromanians community in Albania \u2013 ethnomusicology researchDOI: 10.63702\/csembe.2025.1.8.05Keywords: Research; Albania, Ethnomusicology; Particularities; Traditional;Abstract: THE SOUND RESTITUTION AND TRADITIONAL INTERPRE-TATIONS FROM THE ROMANIAN VILLAGE \u2013 represents an ambitious project, first started by me in 2023 and aims to present the common sonority of Romanian and Aromanian music. The proposed [&hellip;]<\/p>\n","protected":false},"author":1,"featured_media":0,"parent":0,"menu_order":0,"comment_status":"closed","ping_status":"closed","template":"","meta":{"_et_pb_use_builder":"on","_et_pb_old_content":"","_et_gb_content_width":"","footnotes":""},"class_list":["post-2270","page","type-page","status-publish","hentry"],"yoast_head":"<!-- This site is optimized with the Yoast SEO plugin v26.8 - https:\/\/yoast.com\/product\/yoast-seo-wordpress\/ -->\n<title>Lucian Emil RO\u0218CA - Musical folklore of the Aromanians community in Albania \u2013 ethnomusicology research | Cercet\u0103ri \u0219i studii<\/title>\n<meta name=\"description\" content=\"THE SOUND RESTITUTION AND TRADITIONAL INTERPRE-TATIONS FROM THE ROMANIAN VILLAGE \u2013 represents an ambitious project, first started by me in 2023 and aims ...\" \/>\n<meta name=\"robots\" content=\"index, follow, max-snippet:-1, max-image-preview:large, max-video-preview:-1\" \/>\n<link rel=\"canonical\" href=\"https:\/\/cs-embe.ro\/en\/nr-8-1-2025-05\/\" \/>\n<meta property=\"og:locale\" content=\"en_US\" \/>\n<meta property=\"og:type\" content=\"article\" \/>\n<meta property=\"og:title\" content=\"Lucian Emil RO\u0218CA - Musical folklore of the Aromanians community in Albania \u2013 ethnomusicology research | Cercet\u0103ri \u0219i studii\" \/>\n<meta property=\"og:description\" content=\"THE SOUND RESTITUTION AND TRADITIONAL INTERPRE-TATIONS FROM THE ROMANIAN VILLAGE \u2013 represents an ambitious project, first started by me in 2023 and aims ...\" \/>\n<meta property=\"og:url\" content=\"https:\/\/cs-embe.ro\/en\/nr-8-1-2025-05\/\" \/>\n<meta property=\"og:site_name\" content=\"Cercet\u0103ri \u0219i studii\" \/>\n<meta property=\"article:modified_time\" content=\"2025-12-06T20:41:27+00:00\" \/>\n<meta property=\"og:image\" content=\"https:\/\/cs-embe.ro\/wp-content\/uploads\/2023\/03\/logo-acb-negru-3-limbi_var1-1.png\" \/>\n\t<meta property=\"og:image:width\" content=\"340\" \/>\n\t<meta property=\"og:image:height\" content=\"183\" \/>\n\t<meta property=\"og:image:type\" content=\"image\/png\" \/>\n<meta name=\"twitter:card\" content=\"summary_large_image\" \/>\n<script type=\"application\/ld+json\" class=\"yoast-schema-graph\">{\"@context\":\"https:\/\/schema.org\",\"@graph\":[{\"@type\":\"WebPage\",\"@id\":\"https:\/\/cs-embe.ro\/en\/nr-8-1-2025-05\/\",\"url\":\"https:\/\/cs-embe.ro\/en\/nr-8-1-2025-05\/\",\"name\":\"Lucian Emil RO\u0218CA - Musical folklore of the Aromanians community in Albania \u2013 ethnomusicology research | Cercet\u0103ri \u0219i studii\",\"isPartOf\":{\"@id\":\"https:\/\/cs-embe.ro\/#website\"},\"datePublished\":\"2025-11-01T15:20:27+00:00\",\"dateModified\":\"2025-12-06T20:41:27+00:00\",\"description\":\"THE SOUND RESTITUTION AND TRADITIONAL INTERPRE-TATIONS FROM THE ROMANIAN VILLAGE \u2013 represents an ambitious project, first started by me in 2023 and aims ...\",\"breadcrumb\":{\"@id\":\"https:\/\/cs-embe.ro\/en\/nr-8-1-2025-05\/#breadcrumb\"},\"inLanguage\":\"en-US\",\"potentialAction\":[{\"@type\":\"ReadAction\",\"target\":[\"https:\/\/cs-embe.ro\/en\/nr-8-1-2025-05\/\"]}]},{\"@type\":\"BreadcrumbList\",\"@id\":\"https:\/\/cs-embe.ro\/en\/nr-8-1-2025-05\/#breadcrumb\",\"itemListElement\":[{\"@type\":\"ListItem\",\"position\":1,\"name\":\"Home\",\"item\":\"https:\/\/cs-embe.ro\/en\/\"},{\"@type\":\"ListItem\",\"position\":2,\"name\":\"Lucian Emil RO\u0218CA &#8211; Musical folklore of the Aromanians community in Albania \u2013 ethnomusicology research\"}]},{\"@type\":\"WebSite\",\"@id\":\"https:\/\/cs-embe.ro\/#website\",\"url\":\"https:\/\/cs-embe.ro\/\",\"name\":\"Cercet\u0103ri \u0219i studii. Etno-muzicologie, bizantinologie \u0219i etnologie\",\"description\":\"Cercet\u0103ri \u0219i studii etno-muzicologice, bizantinologice \u0219i etnologice\",\"publisher\":{\"@id\":\"https:\/\/cs-embe.ro\/#organization\"},\"potentialAction\":[{\"@type\":\"SearchAction\",\"target\":{\"@type\":\"EntryPoint\",\"urlTemplate\":\"https:\/\/cs-embe.ro\/?s={search_term_string}\"},\"query-input\":{\"@type\":\"PropertyValueSpecification\",\"valueRequired\":true,\"valueName\":\"search_term_string\"}}],\"inLanguage\":\"en-US\"},{\"@type\":\"Organization\",\"@id\":\"https:\/\/cs-embe.ro\/#organization\",\"name\":\"Asocia\u021bia pentru Cultur\u0103 Ban\u0103\u021bean\u0103\",\"url\":\"https:\/\/cs-embe.ro\/\",\"logo\":{\"@type\":\"ImageObject\",\"inLanguage\":\"en-US\",\"@id\":\"https:\/\/cs-embe.ro\/#\/schema\/logo\/image\/\",\"url\":\"https:\/\/cs-embe.ro\/wp-content\/uploads\/2023\/03\/logo-acb-negru-3-limbi_var1-1.png\",\"contentUrl\":\"https:\/\/cs-embe.ro\/wp-content\/uploads\/2023\/03\/logo-acb-negru-3-limbi_var1-1.png\",\"width\":340,\"height\":183,\"caption\":\"Asocia\u021bia pentru Cultur\u0103 Ban\u0103\u021bean\u0103\"},\"image\":{\"@id\":\"https:\/\/cs-embe.ro\/#\/schema\/logo\/image\/\"}}]}<\/script>\n<!-- \/ Yoast SEO plugin. -->","yoast_head_json":{"title":"Lucian Emil RO\u0218CA - Musical folklore of the Aromanians community in Albania \u2013 ethnomusicology research | Cercet\u0103ri \u0219i studii","description":"THE SOUND RESTITUTION AND TRADITIONAL INTERPRE-TATIONS FROM THE ROMANIAN VILLAGE \u2013 represents an ambitious project, first started by me in 2023 and aims ...","robots":{"index":"index","follow":"follow","max-snippet":"max-snippet:-1","max-image-preview":"max-image-preview:large","max-video-preview":"max-video-preview:-1"},"canonical":"https:\/\/cs-embe.ro\/en\/nr-8-1-2025-05\/","og_locale":"en_US","og_type":"article","og_title":"Lucian Emil RO\u0218CA - Musical folklore of the Aromanians community in Albania \u2013 ethnomusicology research | Cercet\u0103ri \u0219i studii","og_description":"THE SOUND RESTITUTION AND TRADITIONAL INTERPRE-TATIONS FROM THE ROMANIAN VILLAGE \u2013 represents an ambitious project, first started by me in 2023 and aims ...","og_url":"https:\/\/cs-embe.ro\/en\/nr-8-1-2025-05\/","og_site_name":"Cercet\u0103ri \u0219i studii","article_modified_time":"2025-12-06T20:41:27+00:00","og_image":[{"width":340,"height":183,"url":"https:\/\/cs-embe.ro\/wp-content\/uploads\/2023\/03\/logo-acb-negru-3-limbi_var1-1.png","type":"image\/png"}],"twitter_card":"summary_large_image","schema":{"@context":"https:\/\/schema.org","@graph":[{"@type":"WebPage","@id":"https:\/\/cs-embe.ro\/en\/nr-8-1-2025-05\/","url":"https:\/\/cs-embe.ro\/en\/nr-8-1-2025-05\/","name":"Lucian Emil RO\u0218CA - Musical folklore of the Aromanians community in Albania \u2013 ethnomusicology research | Cercet\u0103ri \u0219i studii","isPartOf":{"@id":"https:\/\/cs-embe.ro\/#website"},"datePublished":"2025-11-01T15:20:27+00:00","dateModified":"2025-12-06T20:41:27+00:00","description":"THE SOUND RESTITUTION AND TRADITIONAL INTERPRE-TATIONS FROM THE ROMANIAN VILLAGE \u2013 represents an ambitious project, first started by me in 2023 and aims ...","breadcrumb":{"@id":"https:\/\/cs-embe.ro\/en\/nr-8-1-2025-05\/#breadcrumb"},"inLanguage":"en-US","potentialAction":[{"@type":"ReadAction","target":["https:\/\/cs-embe.ro\/en\/nr-8-1-2025-05\/"]}]},{"@type":"BreadcrumbList","@id":"https:\/\/cs-embe.ro\/en\/nr-8-1-2025-05\/#breadcrumb","itemListElement":[{"@type":"ListItem","position":1,"name":"Home","item":"https:\/\/cs-embe.ro\/en\/"},{"@type":"ListItem","position":2,"name":"Lucian Emil RO\u0218CA &#8211; Musical folklore of the Aromanians community in Albania \u2013 ethnomusicology research"}]},{"@type":"WebSite","@id":"https:\/\/cs-embe.ro\/#website","url":"https:\/\/cs-embe.ro\/","name":"Cercet\u0103ri \u0219i studii. Etno-muzicologie, bizantinologie \u0219i etnologie","description":"Cercet\u0103ri \u0219i studii etno-muzicologice, bizantinologice \u0219i etnologice","publisher":{"@id":"https:\/\/cs-embe.ro\/#organization"},"potentialAction":[{"@type":"SearchAction","target":{"@type":"EntryPoint","urlTemplate":"https:\/\/cs-embe.ro\/?s={search_term_string}"},"query-input":{"@type":"PropertyValueSpecification","valueRequired":true,"valueName":"search_term_string"}}],"inLanguage":"en-US"},{"@type":"Organization","@id":"https:\/\/cs-embe.ro\/#organization","name":"Asocia\u021bia pentru Cultur\u0103 Ban\u0103\u021bean\u0103","url":"https:\/\/cs-embe.ro\/","logo":{"@type":"ImageObject","inLanguage":"en-US","@id":"https:\/\/cs-embe.ro\/#\/schema\/logo\/image\/","url":"https:\/\/cs-embe.ro\/wp-content\/uploads\/2023\/03\/logo-acb-negru-3-limbi_var1-1.png","contentUrl":"https:\/\/cs-embe.ro\/wp-content\/uploads\/2023\/03\/logo-acb-negru-3-limbi_var1-1.png","width":340,"height":183,"caption":"Asocia\u021bia pentru Cultur\u0103 Ban\u0103\u021bean\u0103"},"image":{"@id":"https:\/\/cs-embe.ro\/#\/schema\/logo\/image\/"}}]}},"_links":{"self":[{"href":"https:\/\/cs-embe.ro\/en\/wp-json\/wp\/v2\/pages\/2270","targetHints":{"allow":["GET"]}}],"collection":[{"href":"https:\/\/cs-embe.ro\/en\/wp-json\/wp\/v2\/pages"}],"about":[{"href":"https:\/\/cs-embe.ro\/en\/wp-json\/wp\/v2\/types\/page"}],"author":[{"embeddable":true,"href":"https:\/\/cs-embe.ro\/en\/wp-json\/wp\/v2\/users\/1"}],"replies":[{"embeddable":true,"href":"https:\/\/cs-embe.ro\/en\/wp-json\/wp\/v2\/comments?post=2270"}],"version-history":[{"count":0,"href":"https:\/\/cs-embe.ro\/en\/wp-json\/wp\/v2\/pages\/2270\/revisions"}],"wp:attachment":[{"href":"https:\/\/cs-embe.ro\/en\/wp-json\/wp\/v2\/media?parent=2270"}],"curies":[{"name":"wp","href":"https:\/\/api.w.org\/{rel}","templated":true}]}}