{"id":2347,"date":"2025-11-01T13:40:35","date_gmt":"2025-11-01T11:40:35","guid":{"rendered":"https:\/\/cs-embe.ro\/vol-6-nr-8-2025\/"},"modified":"2025-12-07T20:28:48","modified_gmt":"2025-12-07T18:28:48","slug":"vol-6-nr-8-2025","status":"publish","type":"page","link":"https:\/\/cs-embe.ro\/en\/vol-6-nr-8-2025\/","title":{"rendered":"Vol. 6, no. 8 \/ 2025"},"content":{"rendered":"<p>[et_pb_section fb_built=&#8221;1&#8243; _builder_version=&#8221;4.21.0&#8243; _module_preset=&#8221;default&#8221; background_enable_color=&#8221;off&#8221; background_image=&#8221;http:\/\/cs-embe.ro\/wp-content\/uploads\/2023\/03\/paper.jpg&#8221; custom_padding=&#8221;||0px||false|false&#8221; animation_style=&#8221;fade&#8221; global_colors_info=&#8221;{}&#8221;][et_pb_row column_structure=&#8221;1_2,1_2&#8243; _builder_version=&#8221;4.20.2&#8243; _module_preset=&#8221;default&#8221; global_colors_info=&#8221;{}&#8221;][et_pb_column type=&#8221;1_2&#8243; _builder_version=&#8221;4.20.2&#8243; _module_preset=&#8221;default&#8221; global_colors_info=&#8221;{}&#8221;][et_pb_text _builder_version=&#8221;4.21.0&#8243; _module_preset=&#8221;default&#8221; custom_margin=&#8221;0px||0px||false|false&#8221; custom_padding=&#8221;||||false|false&#8221; global_colors_info=&#8221;{}&#8221;]<\/p>\n<h3>The journal<\/h3>\n<p>[\/et_pb_text][et_pb_divider divider_weight=&#8221;2px&#8221; _builder_version=&#8221;4.27.4&#8243; _module_preset=&#8221;default&#8221; custom_margin=&#8221;||||false|false&#8221; custom_padding=&#8221;||||false|false&#8221; global_colors_info=&#8221;{}&#8221;][\/et_pb_divider][et_pb_text _builder_version=&#8221;4.27.4&#8243; _module_preset=&#8221;default&#8221; global_colors_info=&#8221;{}&#8221;]<\/p>\n<h1>Vol. 6, No. 8 \/ 2025<\/h1>\n<p>[\/et_pb_text][et_pb_text _builder_version=&#8221;4.27.4&#8243; _module_preset=&#8221;default&#8221; global_colors_info=&#8221;{}&#8221;]<\/p>\n<h3>Click on the chapter to read it<\/h3>\n<p>[\/et_pb_text][\/et_pb_column][et_pb_column type=&#8221;1_2&#8243; _builder_version=&#8221;4.20.2&#8243; _module_preset=&#8221;default&#8221; global_colors_info=&#8221;{}&#8221;][et_pb_image src=&#8221;https:\/\/cs-embe.ro\/wp-content\/uploads\/2024\/08\/revista-cercetari-si-studii-7.webp&#8221; title_text=&#8221;revista cercetari si studii 7&#8243; _builder_version=&#8221;4.27.0&#8243; _module_preset=&#8221;default&#8221; global_colors_info=&#8221;{}&#8221;][\/et_pb_image][\/et_pb_column][\/et_pb_row][\/et_pb_section][et_pb_section fb_built=&#8221;1&#8243; _builder_version=&#8221;4.21.0&#8243; _module_preset=&#8221;default&#8221; global_colors_info=&#8221;{}&#8221;][et_pb_row _builder_version=&#8221;4.21.0&#8243; _module_preset=&#8221;default&#8221; custom_padding=&#8221;||80px||false|false&#8221; global_colors_info=&#8221;{}&#8221;][et_pb_column type=&#8221;4_4&#8243; _builder_version=&#8221;4.21.0&#8243; _module_preset=&#8221;default&#8221; global_colors_info=&#8221;{}&#8221;][et_pb_text _builder_version=&#8221;4.27.5&#8243; _module_preset=&#8221;default&#8221; global_colors_info=&#8221;{}&#8221;]<\/p>\n<h3>MUSICOLOGY<\/h3>\n<p><strong>1. <span style=\"text-decoration: underline;\"><a href=\"https:\/\/cs-embe.ro\/en\/nr-8-1-2025-01\/\">Klejda TARE: <\/a><\/span><\/strong><span style=\"text-decoration: underline;\"><a href=\"https:\/\/cs-embe.ro\/en\/nr-8-1-2025-01\/\">The Albanian composers after WW II and the influence of folk in their first rhapsodies and concerts for piano and orchestra<\/a><\/span><strong><br \/><\/strong><\/p>\n<p><strong>2. <span style=\"text-decoration: underline;\"><a href=\"https:\/\/cs-embe.ro\/en\/nr-8-1-2025-02\/\">Maria ENESCU: <\/a><\/span><\/strong><span style=\"text-decoration: underline;\"><a href=\"https:\/\/cs-embe.ro\/en\/nr-8-1-2025-02\/\">The valorization of Romanian musical folklore in the choral work \u201dNevasta care iube\u0219te\u201d by Gavriil Musicescu<\/a><\/span><\/p>\n<p>[\/et_pb_text][et_pb_text _builder_version=&#8221;4.27.5&#8243; _module_preset=&#8221;default&#8221; global_colors_info=&#8221;{}&#8221;]<\/p>\n<h3>ETHNOMUSICOLOGY<\/h3>\n<p><strong>3. <span style=\"text-decoration: underline;\"><a href=\"https:\/\/cs-embe.ro\/en\/nr-8-1-2025-03\/\">Kristina PLANJANIN-SIMI\u0106, Aleksandar ANTUNOVI\u0106: <\/a><\/span><\/strong><span style=\"text-decoration: underline;\"><a href=\"https:\/\/cs-embe.ro\/en\/nr-8-1-2025-03\/\">On the trail of ethnomusicological research of Trandafir Jurjovan<\/a><\/span><\/p>\n<p><b>4. <span style=\"text-decoration: underline;\"><a href=\"https:\/\/cs-embe.ro\/en\/nr-8-1-2025-04\/\">Liviu Florin BU\u021aIU: <\/a><\/span><\/b><span style=\"text-decoration: underline;\"><a href=\"https:\/\/cs-embe.ro\/en\/nr-8-1-2025-04\/\">The violin with horn as a musical instrument included in the cultural heritage list and the Violin with horn festival \u2013 competition in Ro\u0219ia de Bihor 2013-2025<\/a><\/span><b><br \/><\/b><\/p>\n<p><strong>5. <span style=\"text-decoration: underline;\"><a href=\"https:\/\/cs-embe.ro\/en\/nr-8-1-2025-05\/\">Lucian Emil RO\u0218CA:<\/a><\/span><\/strong><span style=\"text-decoration: underline;\"><a href=\"https:\/\/cs-embe.ro\/en\/nr-8-1-2025-05\/\"> Musical folklore of the Aromanians community in Albania \u2013 ethnomusicology research<\/a><\/span><\/p>\n<p>[\/et_pb_text][et_pb_text _builder_version=&#8221;4.27.5&#8243; _module_preset=&#8221;default&#8221; global_colors_info=&#8221;{}&#8221;]<\/p>\n<h3>BYZANTINOLOGY<\/h3>\n<p><b>6. <span style=\"text-decoration: underline;\"><a href=\"https:\/\/cs-embe.ro\/en\/nr-8-1-2025-06\/\">Adrian C\u0103lin BOBA: <\/a><\/span><\/b><span style=\"text-decoration: underline;\"><a href=\"https:\/\/cs-embe.ro\/en\/nr-8-1-2025-06\/\">Sacred vocal singing from the Balkans &#8211; history and evolution<\/a><\/span><b><br \/><\/b><\/p>\n<p><strong>7. <span style=\"text-decoration: underline;\"><a href=\"https:\/\/cs-embe.ro\/en\/nr-8-1-2025-07\/\">Io<\/a><\/span><\/strong><span style=\"text-decoration: underline;\"><a href=\"https:\/\/cs-embe.ro\/en\/nr-8-1-2025-07\/\"><b>n Alexandru ARDEREANU: <\/b>Thoughts on the challenges of transcribing Byzantine notation into western (staff) notation<\/a><\/span><b><br \/><\/b><\/p>\n<p>[\/et_pb_text][et_pb_text _builder_version=&#8221;4.27.5&#8243; _module_preset=&#8221;default&#8221; global_colors_info=&#8221;{}&#8221;]<\/p>\n<h3>ETHNOCHOREOLOGY<\/h3>\n<p><b>8. <span style=\"text-decoration: underline;\"><a href=\"https:\/\/cs-embe.ro\/en\/nr-8-1-2025-08\/\">Anastasija \u017dIVKOVI\u0106: <\/a><\/span><\/b><span style=\"text-decoration: underline;\"><a href=\"https:\/\/cs-embe.ro\/en\/nr-8-1-2025-08\/\">Stage interpretation of the wedding ritual: study case of Falcon Song and Choreodrama 700<\/a><\/span><b><br \/><\/b><\/p>\n<p><strong>9. <span style=\"text-decoration: underline;\"><a href=\"https:\/\/cs-embe.ro\/en\/nr-8-1-2025-09\/\">Sanja PUPAC; Sofija VU\u010cI\u0106EVI\u0106: <\/a><\/span><\/strong><span style=\"text-decoration: underline;\"><a href=\"https:\/\/cs-embe.ro\/en\/nr-8-1-2025-09\/\">Tradition in motion: Srpski Kolovez as a reflection of cultural heritage Tradicija u pokretu: Srpski Kolovez kao odraz kulturne ba\u0161tine<\/a><\/span><\/p>\n<p>[\/et_pb_text][et_pb_text _builder_version=&#8221;4.27.5&#8243; _module_preset=&#8221;default&#8221; global_colors_info=&#8221;{}&#8221;]<\/p>\n<h3>ETHNOLOGY<\/h3>\n<p><strong>10. <span style=\"text-decoration: underline;\"><a href=\"https:\/\/cs-embe.ro\/en\/nr-8-1-2025-10\/\">Roxana Silvia MORARU: <\/a><\/span><\/strong><span style=\"text-decoration: underline;\"><a href=\"https:\/\/cs-embe.ro\/en\/nr-8-1-2025-10\/\">The Museum in Cenei: an undeniable testimony of the serbian identity in the Banat plain<\/a><\/span><strong><br \/><\/strong><\/p>\n<p><strong>11. <span style=\"text-decoration: underline;\"><a href=\"https:\/\/cs-embe.ro\/en\/nr-8-1-2025-11\/\">Waldemar Alexander MEGERLE: <\/a><\/span><\/strong><span style=\"text-decoration: underline;\"><a href=\"https:\/\/cs-embe.ro\/en\/nr-8-1-2025-11\/\">Their hair as black as raven&#8217;s wing \u2013 head ornaments and hairstyles of the peasants from Banat in the pictures from the end of the 19th century until the 1970s of the 20th century<\/a><\/span><strong><br \/><\/strong><\/p>\n<p><strong>12. <span style=\"text-decoration: underline;\"><a href=\"https:\/\/cs-embe.ro\/en\/nr-8-1-2025-12\/\">Ion TI\u021aA-NICOLESCU: <\/a><\/span><\/strong><span style=\"text-decoration: underline;\"><a href=\"https:\/\/cs-embe.ro\/en\/nr-8-1-2025-12\/\">Traditional art and religious ethnology, essential elements of Romanian identity<\/a><\/span><strong><br \/><\/strong><\/p>\n<p><strong>13. <span style=\"text-decoration: underline;\"><a href=\"https:\/\/cs-embe.ro\/en\/nr-8-1-2025-13\/\">Narcisa \u0218TIUC\u0102: <\/a><\/span><\/strong><span style=\"text-decoration: underline;\"><a href=\"https:\/\/cs-embe.ro\/en\/nr-8-1-2025-13\/\">The tree motif &#8211; mythical-symbolic readings<\/a><\/span><strong><br \/><\/strong><\/p>\n<p>[\/et_pb_text][et_pb_text _builder_version=&#8221;4.27.5&#8243; _module_preset=&#8221;default&#8221; global_colors_info=&#8221;{}&#8221;]<\/p>\n<h3>CRITICISM AND REVIEWS<\/h3>\n<p><strong>14. <span style=\"text-decoration: underline;\"><a href=\"https:\/\/cs-embe.ro\/en\/nr-8-1-2025-14\/\">Constantin-Tufan STAN: <\/a><\/span><\/strong><span style=\"text-decoration: underline;\"><a href=\"https:\/\/cs-embe.ro\/en\/nr-8-1-2025-14\/\">Historical moments of some significant cultural events in Banat<\/a><\/span><strong><br \/><\/strong><\/p>\n<p><strong>15. <span style=\"text-decoration: underline;\"><a href=\"https:\/\/cs-embe.ro\/en\/nr-8-1-2025-15\/\">Bogdan MURE\u0218AN: <\/a><\/span><\/strong><span style=\"text-decoration: underline;\"><a href=\"https:\/\/cs-embe.ro\/en\/nr-8-1-2025-15\/\">Reverberation and national recognition event: the Choir of the Metropolitan Cathedral of Timisoara awarded at the Romanian Patriarchate<\/a><\/span><strong><br \/><\/strong><\/p>\n<p>[\/et_pb_text][\/et_pb_column][\/et_pb_row][\/et_pb_section]<\/p>\n","protected":false},"excerpt":{"rendered":"<p>The journalVol. 6, No. 8 \/ 2025Click on the chapter to read itMUSICOLOGY 1. Klejda TARE: The Albanian composers after WW II and the influence of folk in their first rhapsodies and concerts for piano and orchestra 2. Maria ENESCU: The valorization of Romanian musical folklore in the choral work \u201dNevasta care iube\u0219te\u201d by Gavriil [&hellip;]<\/p>\n","protected":false},"author":1,"featured_media":0,"parent":0,"menu_order":0,"comment_status":"closed","ping_status":"closed","template":"","meta":{"_et_pb_use_builder":"on","_et_pb_old_content":"","_et_gb_content_width":"","footnotes":""},"class_list":["post-2347","page","type-page","status-publish","hentry"],"yoast_head":"<!-- This site is optimized with the Yoast SEO plugin v26.8 - https:\/\/yoast.com\/product\/yoast-seo-wordpress\/ -->\n<title>Vol. 6, no. 8 \/ 2025 | Cercet\u0103ri \u0219i studii<\/title>\n<meta name=\"robots\" content=\"index, follow, max-snippet:-1, max-image-preview:large, max-video-preview:-1\" \/>\n<link rel=\"canonical\" href=\"https:\/\/cs-embe.ro\/en\/vol-6-nr-8-2025\/\" \/>\n<meta property=\"og:locale\" content=\"en_US\" \/>\n<meta property=\"og:type\" content=\"article\" \/>\n<meta property=\"og:title\" content=\"Vol. 6, no. 8 \/ 2025 | Cercet\u0103ri \u0219i studii\" \/>\n<meta property=\"og:url\" content=\"https:\/\/cs-embe.ro\/en\/vol-6-nr-8-2025\/\" \/>\n<meta property=\"og:site_name\" content=\"Cercet\u0103ri \u0219i studii\" \/>\n<meta property=\"article:modified_time\" content=\"2025-12-07T18:28:48+00:00\" \/>\n<meta property=\"og:image\" content=\"https:\/\/cs-embe.ro\/wp-content\/uploads\/2023\/03\/logo-acb-negru-3-limbi_var1-1.png\" \/>\n\t<meta property=\"og:image:width\" content=\"340\" \/>\n\t<meta property=\"og:image:height\" content=\"183\" \/>\n\t<meta property=\"og:image:type\" content=\"image\/png\" \/>\n<meta name=\"twitter:card\" content=\"summary_large_image\" \/>\n<script type=\"application\/ld+json\" class=\"yoast-schema-graph\">{\"@context\":\"https:\/\/schema.org\",\"@graph\":[{\"@type\":\"WebPage\",\"@id\":\"https:\/\/cs-embe.ro\/en\/vol-6-nr-8-2025\/\",\"url\":\"https:\/\/cs-embe.ro\/en\/vol-6-nr-8-2025\/\",\"name\":\"Vol. 6, no. 8 \/ 2025 | Cercet\u0103ri \u0219i studii\",\"isPartOf\":{\"@id\":\"https:\/\/cs-embe.ro\/#website\"},\"datePublished\":\"2025-11-01T11:40:35+00:00\",\"dateModified\":\"2025-12-07T18:28:48+00:00\",\"breadcrumb\":{\"@id\":\"https:\/\/cs-embe.ro\/en\/vol-6-nr-8-2025\/#breadcrumb\"},\"inLanguage\":\"en-US\",\"potentialAction\":[{\"@type\":\"ReadAction\",\"target\":[\"https:\/\/cs-embe.ro\/en\/vol-6-nr-8-2025\/\"]}]},{\"@type\":\"BreadcrumbList\",\"@id\":\"https:\/\/cs-embe.ro\/en\/vol-6-nr-8-2025\/#breadcrumb\",\"itemListElement\":[{\"@type\":\"ListItem\",\"position\":1,\"name\":\"Home\",\"item\":\"https:\/\/cs-embe.ro\/en\/\"},{\"@type\":\"ListItem\",\"position\":2,\"name\":\"Vol. 6, no. 8 \/ 2025\"}]},{\"@type\":\"WebSite\",\"@id\":\"https:\/\/cs-embe.ro\/#website\",\"url\":\"https:\/\/cs-embe.ro\/\",\"name\":\"Cercet\u0103ri \u0219i studii. Etno-muzicologie, bizantinologie \u0219i etnologie\",\"description\":\"Cercet\u0103ri \u0219i studii etno-muzicologice, bizantinologice \u0219i etnologice\",\"publisher\":{\"@id\":\"https:\/\/cs-embe.ro\/#organization\"},\"potentialAction\":[{\"@type\":\"SearchAction\",\"target\":{\"@type\":\"EntryPoint\",\"urlTemplate\":\"https:\/\/cs-embe.ro\/?s={search_term_string}\"},\"query-input\":{\"@type\":\"PropertyValueSpecification\",\"valueRequired\":true,\"valueName\":\"search_term_string\"}}],\"inLanguage\":\"en-US\"},{\"@type\":\"Organization\",\"@id\":\"https:\/\/cs-embe.ro\/#organization\",\"name\":\"Asocia\u021bia pentru Cultur\u0103 Ban\u0103\u021bean\u0103\",\"url\":\"https:\/\/cs-embe.ro\/\",\"logo\":{\"@type\":\"ImageObject\",\"inLanguage\":\"en-US\",\"@id\":\"https:\/\/cs-embe.ro\/#\/schema\/logo\/image\/\",\"url\":\"https:\/\/cs-embe.ro\/wp-content\/uploads\/2023\/03\/logo-acb-negru-3-limbi_var1-1.png\",\"contentUrl\":\"https:\/\/cs-embe.ro\/wp-content\/uploads\/2023\/03\/logo-acb-negru-3-limbi_var1-1.png\",\"width\":340,\"height\":183,\"caption\":\"Asocia\u021bia pentru Cultur\u0103 Ban\u0103\u021bean\u0103\"},\"image\":{\"@id\":\"https:\/\/cs-embe.ro\/#\/schema\/logo\/image\/\"}}]}<\/script>\n<!-- \/ Yoast SEO plugin. -->","yoast_head_json":{"title":"Vol. 6, no. 8 \/ 2025 | Cercet\u0103ri \u0219i studii","robots":{"index":"index","follow":"follow","max-snippet":"max-snippet:-1","max-image-preview":"max-image-preview:large","max-video-preview":"max-video-preview:-1"},"canonical":"https:\/\/cs-embe.ro\/en\/vol-6-nr-8-2025\/","og_locale":"en_US","og_type":"article","og_title":"Vol. 6, no. 8 \/ 2025 | Cercet\u0103ri \u0219i studii","og_url":"https:\/\/cs-embe.ro\/en\/vol-6-nr-8-2025\/","og_site_name":"Cercet\u0103ri \u0219i studii","article_modified_time":"2025-12-07T18:28:48+00:00","og_image":[{"width":340,"height":183,"url":"https:\/\/cs-embe.ro\/wp-content\/uploads\/2023\/03\/logo-acb-negru-3-limbi_var1-1.png","type":"image\/png"}],"twitter_card":"summary_large_image","schema":{"@context":"https:\/\/schema.org","@graph":[{"@type":"WebPage","@id":"https:\/\/cs-embe.ro\/en\/vol-6-nr-8-2025\/","url":"https:\/\/cs-embe.ro\/en\/vol-6-nr-8-2025\/","name":"Vol. 6, no. 8 \/ 2025 | Cercet\u0103ri \u0219i studii","isPartOf":{"@id":"https:\/\/cs-embe.ro\/#website"},"datePublished":"2025-11-01T11:40:35+00:00","dateModified":"2025-12-07T18:28:48+00:00","breadcrumb":{"@id":"https:\/\/cs-embe.ro\/en\/vol-6-nr-8-2025\/#breadcrumb"},"inLanguage":"en-US","potentialAction":[{"@type":"ReadAction","target":["https:\/\/cs-embe.ro\/en\/vol-6-nr-8-2025\/"]}]},{"@type":"BreadcrumbList","@id":"https:\/\/cs-embe.ro\/en\/vol-6-nr-8-2025\/#breadcrumb","itemListElement":[{"@type":"ListItem","position":1,"name":"Home","item":"https:\/\/cs-embe.ro\/en\/"},{"@type":"ListItem","position":2,"name":"Vol. 6, no. 8 \/ 2025"}]},{"@type":"WebSite","@id":"https:\/\/cs-embe.ro\/#website","url":"https:\/\/cs-embe.ro\/","name":"Cercet\u0103ri \u0219i studii. Etno-muzicologie, bizantinologie \u0219i etnologie","description":"Cercet\u0103ri \u0219i studii etno-muzicologice, bizantinologice \u0219i etnologice","publisher":{"@id":"https:\/\/cs-embe.ro\/#organization"},"potentialAction":[{"@type":"SearchAction","target":{"@type":"EntryPoint","urlTemplate":"https:\/\/cs-embe.ro\/?s={search_term_string}"},"query-input":{"@type":"PropertyValueSpecification","valueRequired":true,"valueName":"search_term_string"}}],"inLanguage":"en-US"},{"@type":"Organization","@id":"https:\/\/cs-embe.ro\/#organization","name":"Asocia\u021bia pentru Cultur\u0103 Ban\u0103\u021bean\u0103","url":"https:\/\/cs-embe.ro\/","logo":{"@type":"ImageObject","inLanguage":"en-US","@id":"https:\/\/cs-embe.ro\/#\/schema\/logo\/image\/","url":"https:\/\/cs-embe.ro\/wp-content\/uploads\/2023\/03\/logo-acb-negru-3-limbi_var1-1.png","contentUrl":"https:\/\/cs-embe.ro\/wp-content\/uploads\/2023\/03\/logo-acb-negru-3-limbi_var1-1.png","width":340,"height":183,"caption":"Asocia\u021bia pentru Cultur\u0103 Ban\u0103\u021bean\u0103"},"image":{"@id":"https:\/\/cs-embe.ro\/#\/schema\/logo\/image\/"}}]}},"_links":{"self":[{"href":"https:\/\/cs-embe.ro\/en\/wp-json\/wp\/v2\/pages\/2347","targetHints":{"allow":["GET"]}}],"collection":[{"href":"https:\/\/cs-embe.ro\/en\/wp-json\/wp\/v2\/pages"}],"about":[{"href":"https:\/\/cs-embe.ro\/en\/wp-json\/wp\/v2\/types\/page"}],"author":[{"embeddable":true,"href":"https:\/\/cs-embe.ro\/en\/wp-json\/wp\/v2\/users\/1"}],"replies":[{"embeddable":true,"href":"https:\/\/cs-embe.ro\/en\/wp-json\/wp\/v2\/comments?post=2347"}],"version-history":[{"count":0,"href":"https:\/\/cs-embe.ro\/en\/wp-json\/wp\/v2\/pages\/2347\/revisions"}],"wp:attachment":[{"href":"https:\/\/cs-embe.ro\/en\/wp-json\/wp\/v2\/media?parent=2347"}],"curies":[{"name":"wp","href":"https:\/\/api.w.org\/{rel}","templated":true}]}}